{"id":188,"date":"2020-12-19T10:51:33","date_gmt":"2020-12-19T10:51:33","guid":{"rendered":"http:\/\/sw-themes.com\/porto_dummy\/?page_id=188"},"modified":"2024-08-10T19:15:04","modified_gmt":"2024-08-10T16:15:04","slug":"kurumsal","status":"publish","type":"page","link":"https:\/\/packforms.com\/en\/about\/","title":{"rendered":"Corporate"},"content":{"rendered":"<div data-elementor-type=\"wp-page\" data-elementor-id=\"188\" class=\"elementor elementor-188\">\n\t\t\t\t\t\t<section class=\"elementor-section elementor-top-section elementor-element elementor-element-8439d52 pc-section-shape-background p-t-xxl p-b-xxl elementor-section-content-middle elementor-section-boxed elementor-section-height-default elementor-section-height-default\" data-id=\"8439d52\" data-element_type=\"section\" data-settings=\"{&quot;background_background&quot;:&quot;classic&quot;}\">\r\n\t\t\r\n\t\t\t\t\t\t\t<div class=\"elementor-container elementor-column-gap-default\">\r\n\t\t\t\t\t\t\t\t\t\t\t<div class=\"elementor-column elementor-col-50 elementor-top-column elementor-element elementor-element-cecb7f2 z-index-2 pe-lg-4 my-lg-4\" data-id=\"cecb7f2\" data-element_type=\"column\">\r\n\t\t\t\t\t<div class=\"elementor-widget-wrap elementor-element-populated\">\r\n\t\t\t\t\t\t\t\t<div class=\"elementor-element elementor-element-ab92529 mb-0 box-shadow-3 elementor-invisible elementor-widget elementor-widget-image\" data-id=\"ab92529\" data-element_type=\"widget\" data-settings=\"{&quot;_animation&quot;:&quot;fadeInLeft&quot;,&quot;_animation_delay&quot;:200}\" data-widget_type=\"image.default\">\n\t\t\t\t<div class=\"elementor-widget-container\">\n\t\t\t\t\t\t\t\t\t\t\t\t\t<img fetchpriority=\"high\" decoding=\"async\" width=\"680\" height=\"380\" src=\"https:\/\/packforms.com\/wp-content\/uploads\/2024\/07\/fabrika.jpg\" class=\"attachment-full size-full wp-image-1935\" alt=\"Packforms fabrika \" srcset=\"https:\/\/packforms.com\/wp-content\/uploads\/2024\/07\/fabrika.jpg 680w, https:\/\/packforms.com\/wp-content\/uploads\/2024\/07\/fabrika-640x358.jpg 640w, https:\/\/packforms.com\/wp-content\/uploads\/2024\/07\/fabrika-400x224.jpg 400w, https:\/\/packforms.com\/wp-content\/uploads\/2024\/07\/fabrika-367x205.jpg 367w\" sizes=\"(max-width: 680px) 100vw, 680px\" title=\"Packforms fabrika Kurumsal \">\t\t\t\t\t\t\t\t\t\t\t\t\t<\/div>\n\t\t\t\t<\/div>\n\t\t\t\t\t<\/div>\r\n\t\t\t\t<\/div>\r\n\t\t\t\t<div class=\"elementor-column elementor-col-50 elementor-top-column elementor-element elementor-element-6896157 z-index-2  my-lg-4 elementor-invisible\" data-id=\"6896157\" data-element_type=\"column\" data-settings=\"{&quot;animation&quot;:&quot;fadeInLeft&quot;,&quot;animation_delay&quot;:500}\">\r\n\t\t\t\t\t<div class=\"elementor-widget-wrap elementor-element-populated\">\r\n\t\t\t\t\t\t\t\t<div class=\"elementor-element elementor-element-80efb34 py-2 mb-0 elementor-widget elementor-widget-heading\" data-id=\"80efb34\" data-element_type=\"widget\" data-widget_type=\"heading.default\">\n\t\t\t\t<div class=\"elementor-widget-container\">\n\t\t\t<h3 class=\"elementor-heading-title elementor-size-default\">PACKFORMS<\/h3>\t\t<\/div>\n\t\t\t\t<\/div>\n\t\t\t\t<div class=\"elementor-element elementor-element-f867c3e mb-3 elementor-widget elementor-widget-heading\" data-id=\"f867c3e\" data-element_type=\"widget\" data-widget_type=\"heading.default\">\n\t\t\t\t<div class=\"elementor-widget-container\">\n\t\t\t<h2 class=\"elementor-heading-title elementor-size-default\">About<\/h2>\t\t<\/div>\n\t\t\t\t<\/div>\n\t\t\t\t<div class=\"elementor-element elementor-element-e61e8c9 elementor-widget elementor-widget-heading\" data-id=\"e61e8c9\" data-element_type=\"widget\" data-widget_type=\"heading.default\">\n\t\t\t\t<div class=\"elementor-widget-container\">\n\t\t\t<p class=\"elementor-heading-title elementor-size-default\">Pack Forms continues its production with the aim of ensuring that food products are stored under hygienic conditions, securely placed on shelves, and transported safely and healthily from suppliers to the final consumption points (such as markets, delicatessens, pastry and cookie manufacturers, fruit and vegetable producers, and similar production and consumption locations).\n\nEstablished in the Konya Organized Industrial Zone, Pack Forms specializes in the production of leak-proof packaging. In addition to meeting the demands of leak-proof packaging production and market needs in this sector, the company prioritizes goals such as preventing environmental damage, emphasizing consumer health, and dedicating continuous research and development efforts to innovate new products.\n\nPack Forms is a significant organization that operates without compromising on quality and aims to become a global company. Within this framework, Pack Forms continues to serve a broad consumer base in its home country, Turkey, and also brings its products to consumers in international markets.\n\nWhat sets Pack Forms apart is its unwavering commitment to quality, delivering products of superior quality compared to its competitors. To prevent errors in production, Pack Forms exerts great effort throughout all stages\u2014from raw material processing, designing and producing custom products according to customer demands, hygienically and carefully packaging the manufactured products, to sales and after-sales support\u2014operating as an important institution in these processes.\n\nPack Forms manufactures its high-tech disposable products in Turkey\u2019s Konya Province, within the 4th Organized Industrial Zone.<\/p>\t\t<\/div>\n\t\t\t\t<\/div>\n\t\t\t\t\t<\/div>\r\n\t\t\t\t<\/div>\r\n\t\t\t\t\t<\/div>\r\n\t\t\t\t<\/section>\r\n\t\t\t\t<\/div>","protected":false},"excerpt":{"rendered":"<p>PACKFORMS Hakk\u0131m\u0131zda Pack Forms , g\u0131da \u00fcr\u00fcnlerinin hijyenik ko\u015fullarda muhafaza edilmesi ,g\u00fcvenilir bir \u015fekilde raflarda yer almas\u0131 ve tedarik\u00e7ilerden nihai t\u00fcketim noktas\u0131na (marketler, \u015fark\u00fcteri , pasta, ve kurabiye \u00fcreticileri, meyve ve sebze \u00fcreticileri ve benzeri \u00fcretim ve t\u00fcketim noktalar\u0131 olmak \u00fczere) sa\u011fl\u0131kl\u0131 ta\u015f\u0131nmas\u0131 amac\u0131yla \u00fcretimini s\u00fcrd\u00fcrmektedir. S\u0131zd\u0131rmaz ambalaj \u00fcretimi ile Pack Forms, Konya Organize Sanayi [&hellip;]<\/p>\n","protected":false},"author":1,"featured_media":0,"parent":0,"menu_order":0,"comment_status":"closed","ping_status":"closed","template":"","meta":{"_acf_changed":false,"footnotes":""},"class_list":["post-188","page","type-page","status-publish","hentry"],"acf":[],"_links":{"self":[{"href":"https:\/\/packforms.com\/en\/wp-json\/wp\/v2\/pages\/188","targetHints":{"allow":["GET"]}}],"collection":[{"href":"https:\/\/packforms.com\/en\/wp-json\/wp\/v2\/pages"}],"about":[{"href":"https:\/\/packforms.com\/en\/wp-json\/wp\/v2\/types\/page"}],"author":[{"embeddable":true,"href":"https:\/\/packforms.com\/en\/wp-json\/wp\/v2\/users\/1"}],"replies":[{"embeddable":true,"href":"https:\/\/packforms.com\/en\/wp-json\/wp\/v2\/comments?post=188"}],"version-history":[{"count":17,"href":"https:\/\/packforms.com\/en\/wp-json\/wp\/v2\/pages\/188\/revisions"}],"predecessor-version":[{"id":2554,"href":"https:\/\/packforms.com\/en\/wp-json\/wp\/v2\/pages\/188\/revisions\/2554"}],"wp:attachment":[{"href":"https:\/\/packforms.com\/en\/wp-json\/wp\/v2\/media?parent=188"}],"curies":[{"name":"wp","href":"https:\/\/api.w.org\/{rel}","templated":true}]}}