{"id":1918,"date":"2022-05-04T07:22:22","date_gmt":"2022-05-04T07:22:22","guid":{"rendered":"http:\/\/sw-themes.com\/porto_dummy\/?page_id=1918"},"modified":"2024-07-22T21:37:54","modified_gmt":"2024-07-22T18:37:54","slug":"blog-type","status":"publish","type":"page","link":"https:\/\/packforms.com\/en\/blog-type\/","title":{"rendered":"Blog Type"},"content":{"rendered":"<div data-elementor-type=\"wp-page\" data-elementor-id=\"1918\" class=\"elementor elementor-1918\">\n\t\t\t\t\t\t<section class=\"elementor-section elementor-top-section elementor-element elementor-element-9a2d598 elementor-section-boxed elementor-section-height-default elementor-section-height-default\" data-id=\"9a2d598\" data-element_type=\"section\">\r\n\t\t\r\n\t\t\t\t\t\t\t<div class=\"elementor-container elementor-column-gap-default\">\r\n\t\t\t\t\t\t\t\t\t\t\t<div class=\"elementor-column elementor-col-100 elementor-top-column elementor-element elementor-element-04993ef\" data-id=\"04993ef\" data-element_type=\"column\">\r\n\t\t\t\t\t<div class=\"elementor-widget-wrap elementor-element-populated\">\r\n\t\t\t\t\t\t\t\t<div class=\"elementor-element elementor-element-e02582f elementor-widget elementor-widget-porto_posts_grid\" data-id=\"e02582f\" data-element_type=\"widget\" data-settings=\"{&quot;spacing&quot;:{&quot;unit&quot;:&quot;px&quot;,&quot;size&quot;:&quot;&quot;,&quot;sizes&quot;:[]}}\" data-widget_type=\"porto_posts_grid.default\">\n\t\t\t\t<div class=\"elementor-widget-container\">\n\t\t\t<div id=\"porto-posts-grid-yx1j\" class=\"porto-posts-grid porto-blogtn92\"><style scope=\"scope\">.page-wrapper .porto-gb-a812a27865f1c5c4d78340d252f07919{background-color:rgba(255,255,255,1);margin-right:0px;margin-bottom:30px;margin-left:0px;padding:1.5rem 1.5rem 1.5rem 1.5rem;box-shadow: 0px 30px 90px rgba(0,0,0,0.08);}.page-wrapper .porto-gb-0983a0b3121e84279f1b9a05e4033b60{padding-top:13px;padding-bottom:0px;}.page-wrapper .porto-gb-9ed9d7e097fa981568c75c2f054bf0da{margin-bottom:8px;padding-right:12px;}.porto-gb-9ed9d7e097fa981568c75c2f054bf0da{font-size:0.8em;text-transform:uppercase;line-height:1;}.page-wrapper .porto-gb-089e0388ca0cce0e942fd31924cc4fc2{border-style:solid;border-width:0px 0px 0px 1px;margin-bottom:8px;padding-right:3px;padding-left:12px;}.porto-gb-089e0388ca0cce0e942fd31924cc4fc2,.porto-gb-089e0388ca0cce0e942fd31924cc4fc2 p{font-size:0.8em;text-transform:uppercase;line-height:1;}.page-wrapper .porto-gb-b0f377d6c093c4d7950e6ad4f957a233{margin-bottom:8px;padding-right:12px;}.page-wrapper .porto-gb-b0f377d6c093c4d7950e6ad4f957a233{font-size:0.8em;text-transform:uppercase;line-height:1;color:#045C9C}.page-wrapper .porto-gb-e45d8b62102dea8ca65ed01bedeb31ad{border-style:solid;border-width:0px 0px 0px 1px;border-color:#777777;margin-bottom:8px;padding-left:12px;}.page-wrapper .porto-gb-e45d8b62102dea8ca65ed01bedeb31ad{font-size:0.8em;text-transform:uppercase;line-height:1;color:#045C9C}.page-wrapper .porto-gb-b1ed539663fa2dc061b57edcc9096540{margin-top:1rem;margin-bottom:1rem;}.porto-gb-b1ed539663fa2dc061b57edcc9096540,.porto-gb-b1ed539663fa2dc061b57edcc9096540 p{font-size:1.5em;font-weight:600;line-height:1.3;}.page-wrapper .porto-gb-97948b41aa4f8469486f8bebea040a5e{background-color:rgba(255,255,255,1);border-width:0px 0px 0px 0px;padding:0px 0px 0px 0px;}.page-wrapper .porto-gb-97948b41aa4f8469486f8bebea040a5e:hover{background-color:rgba(255,255,255,1);}.page-wrapper .porto-gb-97948b41aa4f8469486f8bebea040a5e{font-weight:600;line-height:2em;color:#045C9C}.blog-type a:hover { color: #045C9C; }\r\n.blog-type .blog-type-btn:active, \r\n.blog-type .blog-type-btn:focus { background: none; border: none; color: #045C9C; box-shadow: none; }<\/style><div class=\"posts-wrap posts-container has-ccols ccols-md-2 ccols-1 has-ccols-spacing\"><div class=\"porto-tb-item post post-2981 type-post status-publish format-standard has-post-thumbnail hentry category-blog\"><div class=\"porto-section blog-type porto-gb-0f1375df1c49f56830e8c54a2212ca08\">\n\n<div class=\"porto-tb-featured-image tb-image-type-default porto-gb-3793858d9c0dd7056216e2bb2c54a3d8\" data-title=\"Tek Kullan\u0131ml\u0131k Plastik S\u0131zd\u0131rmaz G\u0131da Kaplar\u0131 Nedir?\"><a aria-label=\"post featured image\" href=\"https:\/\/packforms.com\/en\/tek-kullanimlik-plastik-sizdirmaz-gida-kaplari-nedir\/\" class=\"img-thumbnail\"><img fetchpriority=\"high\" decoding=\"async\" width=\"1310\" height=\"657\" src=\"https:\/\/packforms.com\/wp-content\/uploads\/2024\/07\/slide2.png\" class=\"img-responsive\" alt=\"Packforms slide2 \" srcset=\"https:\/\/packforms.com\/wp-content\/uploads\/2024\/07\/slide2.png 1310w, https:\/\/packforms.com\/wp-content\/uploads\/2024\/07\/slide2-1024x514.png 1024w, https:\/\/packforms.com\/wp-content\/uploads\/2024\/07\/slide2-768x385.png 768w, https:\/\/packforms.com\/wp-content\/uploads\/2024\/07\/slide2-640x321.png 640w, https:\/\/packforms.com\/wp-content\/uploads\/2024\/07\/slide2-400x201.png 400w, https:\/\/packforms.com\/wp-content\/uploads\/2024\/07\/slide2-367x184.png 367w\" sizes=\"(max-width: 1310px) 100vw, 1310px\" title=\"Packforms slide2 Blog Type \"><\/a><\/div>\n\n<div class=\"porto-section flex-container flex-wrap align-items-center porto-gb-c1b1460fc1460d8bc36c73127efc2b2b\">\n\n\n<h4 class=\"porto-heading porto-gb-dd1944d04632c832e37bcaff35ac3b1f post-title\" style=\"\"><a href=\"https:\/\/packforms.com\/en\/tek-kullanimlik-plastik-sizdirmaz-gida-kaplari-nedir\/\">What are disposable plastic leakproof food containers?<\/a><\/h4>\n\n<a aria-label=\"button\" class=\"btn btn-md btn-primary blog-type-btn porto-gb-d9d9aca8f7826bc1a17679df1c6cd3ec\" href=\"https:\/\/packforms.com\/en\/tek-kullanimlik-plastik-sizdirmaz-gida-kaplari-nedir\/\"><span>Read More<\/span><\/a><\/div><\/div><\/div><div class=\"porto-tb-item post post-2911 type-post status-publish format-standard has-post-thumbnail hentry category-blog tag-sizdirmaz-pet-kap tag-sizdirmaz-pet-plastik-kap tag-sizdirmaz-plastik-kap\"><div class=\"porto-section blog-type porto-gb-0f1375df1c49f56830e8c54a2212ca08\">\n\n<div class=\"porto-tb-featured-image tb-image-type-default porto-gb-3793858d9c0dd7056216e2bb2c54a3d8\" data-title=\"Tek Kullan\u0131ml\u0131k Plastik S\u0131zd\u0131rmaz G\u0131da Kaplar\u0131 Nedir?\"><a aria-label=\"post featured image\" href=\"https:\/\/packforms.com\/en\/tek-kullanimlik-plastik-sizdirmaz-gida-kaplari-nedir\/\" class=\"img-thumbnail\"><img fetchpriority=\"high\" decoding=\"async\" width=\"1310\" height=\"657\" src=\"https:\/\/packforms.com\/wp-content\/uploads\/2024\/07\/slide2.png\" class=\"img-responsive\" alt=\"Packforms slide2 \" srcset=\"https:\/\/packforms.com\/wp-content\/uploads\/2024\/07\/slide2.png 1310w, https:\/\/packforms.com\/wp-content\/uploads\/2024\/07\/slide2-1024x514.png 1024w, https:\/\/packforms.com\/wp-content\/uploads\/2024\/07\/slide2-768x385.png 768w, https:\/\/packforms.com\/wp-content\/uploads\/2024\/07\/slide2-640x321.png 640w, https:\/\/packforms.com\/wp-content\/uploads\/2024\/07\/slide2-400x201.png 400w, https:\/\/packforms.com\/wp-content\/uploads\/2024\/07\/slide2-367x184.png 367w\" sizes=\"(max-width: 1310px) 100vw, 1310px\" title=\"Packforms slide2 Blog Type \"><\/a><\/div>\n\n<div class=\"porto-section flex-container flex-wrap align-items-center porto-gb-c1b1460fc1460d8bc36c73127efc2b2b\">\n\n\n<h4 class=\"porto-heading porto-gb-dd1944d04632c832e37bcaff35ac3b1f post-title\" style=\"\"><a href=\"https:\/\/packforms.com\/en\/what-are-leakproof-plastic-containers-advantages-and-uses\/\">What is a Leakproof Plastic Container? Advantages and Applications<\/a><\/h4>\n\n<a aria-label=\"button\" class=\"btn btn-md btn-primary blog-type-btn porto-gb-d9d9aca8f7826bc1a17679df1c6cd3ec\" href=\"https:\/\/packforms.com\/en\/what-are-leakproof-plastic-containers-advantages-and-uses\/\"><span>Read More<\/span><\/a><\/div><\/div><\/div><div class=\"porto-tb-item post post-2837 type-post status-publish format-standard has-post-thumbnail hentry category-blog\"><div class=\"porto-section blog-type porto-gb-0f1375df1c49f56830e8c54a2212ca08\">\n\n<div class=\"porto-tb-featured-image tb-image-type-default porto-gb-3793858d9c0dd7056216e2bb2c54a3d8\" data-title=\"Tek Kullan\u0131ml\u0131k Plastik S\u0131zd\u0131rmaz G\u0131da Kaplar\u0131 Nedir?\"><a aria-label=\"post featured image\" href=\"https:\/\/packforms.com\/en\/tek-kullanimlik-plastik-sizdirmaz-gida-kaplari-nedir\/\" class=\"img-thumbnail\"><img fetchpriority=\"high\" decoding=\"async\" width=\"1310\" height=\"657\" src=\"https:\/\/packforms.com\/wp-content\/uploads\/2024\/07\/slide2.png\" class=\"img-responsive\" alt=\"Packforms slide2 \" srcset=\"https:\/\/packforms.com\/wp-content\/uploads\/2024\/07\/slide2.png 1310w, https:\/\/packforms.com\/wp-content\/uploads\/2024\/07\/slide2-1024x514.png 1024w, https:\/\/packforms.com\/wp-content\/uploads\/2024\/07\/slide2-768x385.png 768w, https:\/\/packforms.com\/wp-content\/uploads\/2024\/07\/slide2-640x321.png 640w, https:\/\/packforms.com\/wp-content\/uploads\/2024\/07\/slide2-400x201.png 400w, https:\/\/packforms.com\/wp-content\/uploads\/2024\/07\/slide2-367x184.png 367w\" sizes=\"(max-width: 1310px) 100vw, 1310px\" title=\"Packforms slide2 Blog Type \"><\/a><\/div>\n\n<div class=\"porto-section flex-container flex-wrap align-items-center porto-gb-c1b1460fc1460d8bc36c73127efc2b2b\">\n\n\n<h4 class=\"porto-heading porto-gb-dd1944d04632c832e37bcaff35ac3b1f post-title\" style=\"\"><a href=\"https:\/\/packforms.com\/en\/leakproof-door\/\">Leakproof Container | Packforms PET Food Containers<\/a><\/h4>\n\n<a aria-label=\"button\" class=\"btn btn-md btn-primary blog-type-btn porto-gb-d9d9aca8f7826bc1a17679df1c6cd3ec\" href=\"https:\/\/packforms.com\/en\/leakproof-door\/\"><span>Read More<\/span><\/a><\/div><\/div><\/div><div class=\"porto-tb-item post post-2824 type-post status-publish format-standard has-post-thumbnail hentry category-blog tag-sale-kabi tag-sale-kaplari\"><div class=\"porto-section blog-type porto-gb-0f1375df1c49f56830e8c54a2212ca08\">\n\n<div class=\"porto-tb-featured-image tb-image-type-default porto-gb-3793858d9c0dd7056216e2bb2c54a3d8\" data-title=\"Tek Kullan\u0131ml\u0131k Plastik S\u0131zd\u0131rmaz G\u0131da Kaplar\u0131 Nedir?\"><a aria-label=\"post featured image\" href=\"https:\/\/packforms.com\/en\/tek-kullanimlik-plastik-sizdirmaz-gida-kaplari-nedir\/\" class=\"img-thumbnail\"><img fetchpriority=\"high\" decoding=\"async\" width=\"1310\" height=\"657\" src=\"https:\/\/packforms.com\/wp-content\/uploads\/2024\/07\/slide2.png\" class=\"img-responsive\" alt=\"Packforms slide2 \" srcset=\"https:\/\/packforms.com\/wp-content\/uploads\/2024\/07\/slide2.png 1310w, https:\/\/packforms.com\/wp-content\/uploads\/2024\/07\/slide2-1024x514.png 1024w, https:\/\/packforms.com\/wp-content\/uploads\/2024\/07\/slide2-768x385.png 768w, https:\/\/packforms.com\/wp-content\/uploads\/2024\/07\/slide2-640x321.png 640w, https:\/\/packforms.com\/wp-content\/uploads\/2024\/07\/slide2-400x201.png 400w, https:\/\/packforms.com\/wp-content\/uploads\/2024\/07\/slide2-367x184.png 367w\" sizes=\"(max-width: 1310px) 100vw, 1310px\" title=\"Packforms slide2 Blog Type \"><\/a><\/div>\n\n<div class=\"porto-section flex-container flex-wrap align-items-center porto-gb-c1b1460fc1460d8bc36c73127efc2b2b\">\n\n\n<h4 class=\"porto-heading porto-gb-dd1944d04632c832e37bcaff35ac3b1f post-title\" style=\"\"><a href=\"https:\/\/packforms.com\/en\/what-is-sale-packaging-packforms-sale-containers\/\">What is a Chalet? The New Trend in Industrial Packaging: Packforms Chalet Containers<\/a><\/h4>\n\n<a aria-label=\"button\" class=\"btn btn-md btn-primary blog-type-btn porto-gb-d9d9aca8f7826bc1a17679df1c6cd3ec\" href=\"https:\/\/packforms.com\/en\/what-is-sale-packaging-packforms-sale-containers\/\"><span>Read More<\/span><\/a><\/div><\/div><\/div><div class=\"porto-tb-item post post-2801 type-post status-publish format-standard has-post-thumbnail hentry category-blog tag-sizdirmaz-peynir-kabi\"><div class=\"porto-section blog-type porto-gb-0f1375df1c49f56830e8c54a2212ca08\">\n\n<div class=\"porto-tb-featured-image tb-image-type-default porto-gb-3793858d9c0dd7056216e2bb2c54a3d8\" data-title=\"Tek Kullan\u0131ml\u0131k Plastik S\u0131zd\u0131rmaz G\u0131da Kaplar\u0131 Nedir?\"><a aria-label=\"post featured image\" href=\"https:\/\/packforms.com\/en\/tek-kullanimlik-plastik-sizdirmaz-gida-kaplari-nedir\/\" class=\"img-thumbnail\"><img fetchpriority=\"high\" decoding=\"async\" width=\"1310\" height=\"657\" src=\"https:\/\/packforms.com\/wp-content\/uploads\/2024\/07\/slide2.png\" class=\"img-responsive\" alt=\"Packforms slide2 \" srcset=\"https:\/\/packforms.com\/wp-content\/uploads\/2024\/07\/slide2.png 1310w, https:\/\/packforms.com\/wp-content\/uploads\/2024\/07\/slide2-1024x514.png 1024w, https:\/\/packforms.com\/wp-content\/uploads\/2024\/07\/slide2-768x385.png 768w, https:\/\/packforms.com\/wp-content\/uploads\/2024\/07\/slide2-640x321.png 640w, https:\/\/packforms.com\/wp-content\/uploads\/2024\/07\/slide2-400x201.png 400w, https:\/\/packforms.com\/wp-content\/uploads\/2024\/07\/slide2-367x184.png 367w\" sizes=\"(max-width: 1310px) 100vw, 1310px\" title=\"Packforms slide2 Blog Type \"><\/a><\/div>\n\n<div class=\"porto-section flex-container flex-wrap align-items-center porto-gb-c1b1460fc1460d8bc36c73127efc2b2b\">\n\n\n<h4 class=\"porto-heading porto-gb-dd1944d04632c832e37bcaff35ac3b1f post-title\" style=\"\"><a href=\"https:\/\/packforms.com\/en\/leakproof-cheese-containers\/\">Airtight Cheese Container: The Best Way to Keep Your Cheeses Fresh and Safe.<\/a><\/h4>\n\n<a aria-label=\"button\" class=\"btn btn-md btn-primary blog-type-btn porto-gb-d9d9aca8f7826bc1a17679df1c6cd3ec\" href=\"https:\/\/packforms.com\/en\/leakproof-cheese-containers\/\"><span>Read More<\/span><\/a><\/div><\/div><\/div><div class=\"porto-tb-item post post-2748 type-post status-publish format-standard has-post-thumbnail hentry category-blog category-haber tag-avrasya-ambalaj-fuari\"><div class=\"porto-section blog-type porto-gb-0f1375df1c49f56830e8c54a2212ca08\">\n\n<div class=\"porto-tb-featured-image tb-image-type-default porto-gb-3793858d9c0dd7056216e2bb2c54a3d8\" data-title=\"Tek Kullan\u0131ml\u0131k Plastik S\u0131zd\u0131rmaz G\u0131da Kaplar\u0131 Nedir?\"><a aria-label=\"post featured image\" href=\"https:\/\/packforms.com\/en\/tek-kullanimlik-plastik-sizdirmaz-gida-kaplari-nedir\/\" class=\"img-thumbnail\"><img fetchpriority=\"high\" decoding=\"async\" width=\"1310\" height=\"657\" src=\"https:\/\/packforms.com\/wp-content\/uploads\/2024\/07\/slide2.png\" class=\"img-responsive\" alt=\"Packforms slide2 \" srcset=\"https:\/\/packforms.com\/wp-content\/uploads\/2024\/07\/slide2.png 1310w, https:\/\/packforms.com\/wp-content\/uploads\/2024\/07\/slide2-1024x514.png 1024w, https:\/\/packforms.com\/wp-content\/uploads\/2024\/07\/slide2-768x385.png 768w, https:\/\/packforms.com\/wp-content\/uploads\/2024\/07\/slide2-640x321.png 640w, https:\/\/packforms.com\/wp-content\/uploads\/2024\/07\/slide2-400x201.png 400w, https:\/\/packforms.com\/wp-content\/uploads\/2024\/07\/slide2-367x184.png 367w\" sizes=\"(max-width: 1310px) 100vw, 1310px\" title=\"Packforms slide2 Blog Type \"><\/a><\/div>\n\n<div class=\"porto-section flex-container flex-wrap align-items-center porto-gb-c1b1460fc1460d8bc36c73127efc2b2b\">\n\n\n<h4 class=\"porto-heading porto-gb-dd1944d04632c832e37bcaff35ac3b1f post-title\" style=\"\"><a href=\"https:\/\/packforms.com\/en\/packforms-at-eurasia-packaging-2025\/\">Packforms, Avrasya Ambalaj 2025 Fuar\u0131\u2019nda Yerini Al\u0131yor!<\/a><\/h4>\n\n<a aria-label=\"button\" class=\"btn btn-md btn-primary blog-type-btn porto-gb-d9d9aca8f7826bc1a17679df1c6cd3ec\" href=\"https:\/\/packforms.com\/en\/packforms-at-eurasia-packaging-2025\/\"><span>Read More<\/span><\/a><\/div><\/div><\/div><div class=\"porto-tb-item post post-2704 type-post status-publish format-standard has-post-thumbnail hentry category-blog\"><div class=\"porto-section blog-type porto-gb-0f1375df1c49f56830e8c54a2212ca08\">\n\n<div class=\"porto-tb-featured-image tb-image-type-default porto-gb-3793858d9c0dd7056216e2bb2c54a3d8\" data-title=\"Tek Kullan\u0131ml\u0131k Plastik S\u0131zd\u0131rmaz G\u0131da Kaplar\u0131 Nedir?\"><a aria-label=\"post featured image\" href=\"https:\/\/packforms.com\/en\/tek-kullanimlik-plastik-sizdirmaz-gida-kaplari-nedir\/\" class=\"img-thumbnail\"><img fetchpriority=\"high\" decoding=\"async\" width=\"1310\" height=\"657\" src=\"https:\/\/packforms.com\/wp-content\/uploads\/2024\/07\/slide2.png\" class=\"img-responsive\" alt=\"Packforms slide2 \" srcset=\"https:\/\/packforms.com\/wp-content\/uploads\/2024\/07\/slide2.png 1310w, https:\/\/packforms.com\/wp-content\/uploads\/2024\/07\/slide2-1024x514.png 1024w, https:\/\/packforms.com\/wp-content\/uploads\/2024\/07\/slide2-768x385.png 768w, https:\/\/packforms.com\/wp-content\/uploads\/2024\/07\/slide2-640x321.png 640w, https:\/\/packforms.com\/wp-content\/uploads\/2024\/07\/slide2-400x201.png 400w, https:\/\/packforms.com\/wp-content\/uploads\/2024\/07\/slide2-367x184.png 367w\" sizes=\"(max-width: 1310px) 100vw, 1310px\" title=\"Packforms slide2 Blog Type \"><\/a><\/div>\n\n<div class=\"porto-section flex-container flex-wrap align-items-center porto-gb-c1b1460fc1460d8bc36c73127efc2b2b\">\n\n\n<h4 class=\"porto-heading porto-gb-dd1944d04632c832e37bcaff35ac3b1f post-title\" style=\"\"><a href=\"https:\/\/packforms.com\/en\/what-are-plastic-containers-and-where-are-they-used\/\">What Is a Plastic Container? Where Is It Used? | Packforms<\/a><\/h4>\n\n<a aria-label=\"button\" class=\"btn btn-md btn-primary blog-type-btn porto-gb-d9d9aca8f7826bc1a17679df1c6cd3ec\" href=\"https:\/\/packforms.com\/en\/what-are-plastic-containers-and-where-are-they-used\/\"><span>Read More<\/span><\/a><\/div><\/div><\/div><div class=\"porto-tb-item post post-2594 type-post status-publish format-standard has-post-thumbnail hentry category-blog\"><div class=\"porto-section blog-type porto-gb-0f1375df1c49f56830e8c54a2212ca08\">\n\n<div class=\"porto-tb-featured-image tb-image-type-default porto-gb-3793858d9c0dd7056216e2bb2c54a3d8\" data-title=\"Tek Kullan\u0131ml\u0131k Plastik S\u0131zd\u0131rmaz G\u0131da Kaplar\u0131 Nedir?\"><a aria-label=\"post featured image\" href=\"https:\/\/packforms.com\/en\/tek-kullanimlik-plastik-sizdirmaz-gida-kaplari-nedir\/\" class=\"img-thumbnail\"><img fetchpriority=\"high\" decoding=\"async\" width=\"1310\" height=\"657\" src=\"https:\/\/packforms.com\/wp-content\/uploads\/2024\/07\/slide2.png\" class=\"img-responsive\" alt=\"Packforms slide2 \" srcset=\"https:\/\/packforms.com\/wp-content\/uploads\/2024\/07\/slide2.png 1310w, https:\/\/packforms.com\/wp-content\/uploads\/2024\/07\/slide2-1024x514.png 1024w, https:\/\/packforms.com\/wp-content\/uploads\/2024\/07\/slide2-768x385.png 768w, https:\/\/packforms.com\/wp-content\/uploads\/2024\/07\/slide2-640x321.png 640w, https:\/\/packforms.com\/wp-content\/uploads\/2024\/07\/slide2-400x201.png 400w, https:\/\/packforms.com\/wp-content\/uploads\/2024\/07\/slide2-367x184.png 367w\" sizes=\"(max-width: 1310px) 100vw, 1310px\" title=\"Packforms slide2 Blog Type \"><\/a><\/div>\n\n<div class=\"porto-section flex-container flex-wrap align-items-center porto-gb-c1b1460fc1460d8bc36c73127efc2b2b\">\n\n\n<h4 class=\"porto-heading porto-gb-dd1944d04632c832e37bcaff35ac3b1f post-title\" style=\"\"><a href=\"https:\/\/packforms.com\/en\/leakproof-pet-flat-lid-containers\/\">Leak-Proof PET Containers with Flat Lids: A Safe and Practical Storage Solution<\/a><\/h4>\n\n<a aria-label=\"button\" class=\"btn btn-md btn-primary blog-type-btn porto-gb-d9d9aca8f7826bc1a17679df1c6cd3ec\" href=\"https:\/\/packforms.com\/en\/leakproof-pet-flat-lid-containers\/\"><span>Read More<\/span><\/a><\/div><\/div><\/div><div class=\"porto-tb-item post post-2573 type-post status-publish format-standard has-post-thumbnail hentry category-blog\"><div class=\"porto-section blog-type porto-gb-0f1375df1c49f56830e8c54a2212ca08\">\n\n<div class=\"porto-tb-featured-image tb-image-type-default porto-gb-3793858d9c0dd7056216e2bb2c54a3d8\" data-title=\"Tek Kullan\u0131ml\u0131k Plastik S\u0131zd\u0131rmaz G\u0131da Kaplar\u0131 Nedir?\"><a aria-label=\"post featured image\" href=\"https:\/\/packforms.com\/en\/tek-kullanimlik-plastik-sizdirmaz-gida-kaplari-nedir\/\" class=\"img-thumbnail\"><img fetchpriority=\"high\" decoding=\"async\" width=\"1310\" height=\"657\" src=\"https:\/\/packforms.com\/wp-content\/uploads\/2024\/07\/slide2.png\" class=\"img-responsive\" alt=\"Packforms slide2 \" srcset=\"https:\/\/packforms.com\/wp-content\/uploads\/2024\/07\/slide2.png 1310w, https:\/\/packforms.com\/wp-content\/uploads\/2024\/07\/slide2-1024x514.png 1024w, https:\/\/packforms.com\/wp-content\/uploads\/2024\/07\/slide2-768x385.png 768w, https:\/\/packforms.com\/wp-content\/uploads\/2024\/07\/slide2-640x321.png 640w, https:\/\/packforms.com\/wp-content\/uploads\/2024\/07\/slide2-400x201.png 400w, https:\/\/packforms.com\/wp-content\/uploads\/2024\/07\/slide2-367x184.png 367w\" sizes=\"(max-width: 1310px) 100vw, 1310px\" title=\"Packforms slide2 Blog Type \"><\/a><\/div>\n\n<div class=\"porto-section flex-container flex-wrap align-items-center porto-gb-c1b1460fc1460d8bc36c73127efc2b2b\">\n\n\n<h4 class=\"porto-heading porto-gb-dd1944d04632c832e37bcaff35ac3b1f post-title\" style=\"\"><a href=\"https:\/\/packforms.com\/en\/leakproof-pet-rectangular-high-lid-containers\/\">Leak-Proof Rectangular PET Containers with High Lids: A Safe and Practical Storage Solution<\/a><\/h4>\n\n<a aria-label=\"button\" class=\"btn btn-md btn-primary blog-type-btn porto-gb-d9d9aca8f7826bc1a17679df1c6cd3ec\" href=\"https:\/\/packforms.com\/en\/leakproof-pet-rectangular-high-lid-containers\/\"><span>Read More<\/span><\/a><\/div><\/div><\/div><div class=\"porto-tb-item post post-171 type-post status-publish format-standard has-post-thumbnail hentry category-blog\"><div class=\"porto-section blog-type porto-gb-0f1375df1c49f56830e8c54a2212ca08\">\n\n<div class=\"porto-tb-featured-image tb-image-type-default porto-gb-3793858d9c0dd7056216e2bb2c54a3d8\" data-title=\"Tek Kullan\u0131ml\u0131k Plastik S\u0131zd\u0131rmaz G\u0131da Kaplar\u0131 Nedir?\"><a aria-label=\"post featured image\" href=\"https:\/\/packforms.com\/en\/tek-kullanimlik-plastik-sizdirmaz-gida-kaplari-nedir\/\" class=\"img-thumbnail\"><img fetchpriority=\"high\" decoding=\"async\" width=\"1310\" height=\"657\" src=\"https:\/\/packforms.com\/wp-content\/uploads\/2024\/07\/slide2.png\" class=\"img-responsive\" alt=\"Packforms slide2 \" srcset=\"https:\/\/packforms.com\/wp-content\/uploads\/2024\/07\/slide2.png 1310w, https:\/\/packforms.com\/wp-content\/uploads\/2024\/07\/slide2-1024x514.png 1024w, https:\/\/packforms.com\/wp-content\/uploads\/2024\/07\/slide2-768x385.png 768w, https:\/\/packforms.com\/wp-content\/uploads\/2024\/07\/slide2-640x321.png 640w, https:\/\/packforms.com\/wp-content\/uploads\/2024\/07\/slide2-400x201.png 400w, https:\/\/packforms.com\/wp-content\/uploads\/2024\/07\/slide2-367x184.png 367w\" sizes=\"(max-width: 1310px) 100vw, 1310px\" title=\"Packforms slide2 Blog Type \"><\/a><\/div>\n\n<div class=\"porto-section flex-container flex-wrap align-items-center porto-gb-c1b1460fc1460d8bc36c73127efc2b2b\">\n\n\n<h4 class=\"porto-heading porto-gb-dd1944d04632c832e37bcaff35ac3b1f post-title\" style=\"\"><a href=\"https:\/\/packforms.com\/en\/why-choose-pet-packaging\/\">Why Choose PET? - Superior Packaging Solutions with Pack Forms<\/a><\/h4>\n\n<a aria-label=\"button\" class=\"btn btn-md btn-primary blog-type-btn porto-gb-d9d9aca8f7826bc1a17679df1c6cd3ec\" href=\"https:\/\/packforms.com\/en\/why-choose-pet-packaging\/\"><span>Read More<\/span><\/a><\/div><\/div><\/div><\/div><\/div>\t\t<\/div>\n\t\t\t\t<\/div>\n\t\t\t\t\t<\/div>\r\n\t\t\t\t<\/div>\r\n\t\t\t\t\t<\/div>\r\n\t\t\t\t<\/section>\r\n\t\t\t\t<\/div>","protected":false},"excerpt":{"rendered":"<p>18 Aral\u0131k 2020 By packforms Neden PET Tercih Edilmeli? &#8211; Pack Forms ile \u00dcst\u00fcn Paketleme \u00c7\u00f6z\u00fcmleri i\u00e7in yorumlar kapal\u0131 Neden PET Tercih Edilmeli? &#8211; Pack Forms ile \u00dcst\u00fcn Paketleme \u00c7\u00f6z\u00fcmleri DEVAMINI OKU&#8230;<\/p>","protected":false},"author":1,"featured_media":0,"parent":0,"menu_order":0,"comment_status":"closed","ping_status":"closed","template":"","meta":{"_acf_changed":false,"footnotes":""},"class_list":["post-1918","page","type-page","status-publish","hentry"],"acf":[],"_links":{"self":[{"href":"https:\/\/packforms.com\/en\/wp-json\/wp\/v2\/pages\/1918","targetHints":{"allow":["GET"]}}],"collection":[{"href":"https:\/\/packforms.com\/en\/wp-json\/wp\/v2\/pages"}],"about":[{"href":"https:\/\/packforms.com\/en\/wp-json\/wp\/v2\/types\/page"}],"author":[{"embeddable":true,"href":"https:\/\/packforms.com\/en\/wp-json\/wp\/v2\/users\/1"}],"replies":[{"embeddable":true,"href":"https:\/\/packforms.com\/en\/wp-json\/wp\/v2\/comments?post=1918"}],"version-history":[{"count":3,"href":"https:\/\/packforms.com\/en\/wp-json\/wp\/v2\/pages\/1918\/revisions"}],"predecessor-version":[{"id":2122,"href":"https:\/\/packforms.com\/en\/wp-json\/wp\/v2\/pages\/1918\/revisions\/2122"}],"wp:attachment":[{"href":"https:\/\/packforms.com\/en\/wp-json\/wp\/v2\/media?parent=1918"}],"curies":[{"name":"wp","href":"https:\/\/api.w.org\/{rel}","templated":true}]}}