{"id":2136,"date":"2024-07-23T16:38:57","date_gmt":"2024-07-23T13:38:57","guid":{"rendered":"https:\/\/packforms.com\/?page_id=2136"},"modified":"2024-08-10T20:24:59","modified_gmt":"2024-08-10T17:24:59","slug":"tesekkurler","status":"publish","type":"page","link":"https:\/\/packforms.com\/en\/thank-you\/","title":{"rendered":"Te\u015fekk\u00fcrler"},"content":{"rendered":"<div data-elementor-type=\"wp-page\" data-elementor-id=\"2136\" class=\"elementor elementor-2136\">\n\t\t\t\t<div class=\"elementor-element elementor-element-3d7419b e-flex e-con-boxed e-con e-parent\" data-id=\"3d7419b\" data-element_type=\"container\">\n\t\t\t\t\t<div class=\"e-con-inner\">\n\t\t<div class=\"elementor-element elementor-element-7614aa3 e-con-full e-flex e-con e-child\" data-id=\"7614aa3\" data-element_type=\"container\">\n\t\t\t\t<div class=\"elementor-element elementor-element-6ca5b32 elementor-widget elementor-widget-html\" data-id=\"6ca5b32\" data-element_type=\"widget\" data-widget_type=\"html.default\">\n\t\t\t\t<div class=\"elementor-widget-container\">\n\t\t\t<!-- Google tag (gtag.js) event -->\n<script>\n  gtag('event', 'ads_conversion_Submit_lead_form_1', {\n    \/\/ <event_parameters>\n  });\n<\/script>\n\t\t<\/div>\n\t\t\t\t<\/div>\n\t\t\t\t<div class=\"elementor-element elementor-element-c29de93 elementor-widget elementor-widget-porto_ultimate_heading\" data-id=\"c29de93\" data-element_type=\"widget\" data-widget_type=\"porto_ultimate_heading.default\">\n\t\t\t\t<div class=\"elementor-widget-container\">\n\t\t\t<div class=\"porto-u-heading  porto-u-2273\"><div class=\"porto-u-main-heading\"><h2   >Te\u015fekk\u00fcrler, mesaj\u0131n\u0131z bizlere ula\u015ft\u0131. <br>En k\u0131sa s\u00fcrede sizlere d\u00f6n\u00fc\u015f sa\u011flayaca\u011f\u0131z.<\/h2><\/div><style>.porto-u-2273.porto-u-heading{text-align:center}<\/style><\/div>\t\t<\/div>\n\t\t\t\t<\/div>\n\t\t\t\t<\/div>\n\t\t<div class=\"elementor-element elementor-element-46ac061 e-con-full e-flex e-con e-child\" data-id=\"46ac061\" data-element_type=\"container\">\n\t\t\t\t<div class=\"elementor-element elementor-element-7d82792 elementor-view-default elementor-widget elementor-widget-icon\" data-id=\"7d82792\" data-element_type=\"widget\" data-widget_type=\"icon.default\">\n\t\t\t\t<div class=\"elementor-widget-container\">\n\t\t\t\t\t<div class=\"elementor-icon-wrapper\">\n\t\t\t<div class=\"elementor-icon\">\n\t\t\t<svg aria-hidden=\"true\" class=\"e-font-icon-svg e-far-check-circle\" viewbox=\"0 0 512 512\" xmlns=\"http:\/\/www.w3.org\/2000\/svg\"><path d=\"M256 8C119.033 8 8 119.033 8 256s111.033 248 248 248 248-111.033 248-248S392.967 8 256 8zm0 48c110.532 0 200 89.451 200 200 0 110.532-89.451 200-200 200-110.532 0-200-89.451-200-200 0-110.532 89.451-200 200-200m140.204 130.267l-22.536-22.718c-4.667-4.705-12.265-4.736-16.97-.068L215.346 303.697l-59.792-60.277c-4.667-4.705-12.265-4.736-16.97-.069l-22.719 22.536c-4.705 4.667-4.736 12.265-.068 16.971l90.781 91.516c4.667 4.705 12.265 4.736 16.97.068l172.589-171.204c4.704-4.668 4.734-12.266.067-16.971z\"><\/path><\/svg>\t\t\t<\/div>\n\t\t<\/div>\n\t\t\t\t<\/div>\n\t\t\t\t<\/div>\n\t\t\t\t<\/div>\n\t\t\t\t\t<\/div>\n\t\t\t\t<\/div>\n\t\t\t\t<\/div>","protected":false},"excerpt":{"rendered":"<p>Thank you, we received your message. We will get back to you as soon as possible.<\/p>","protected":false},"author":1,"featured_media":0,"parent":0,"menu_order":0,"comment_status":"closed","ping_status":"closed","template":"","meta":{"_acf_changed":false,"footnotes":""},"class_list":["post-2136","page","type-page","status-publish","hentry"],"acf":[],"_links":{"self":[{"href":"https:\/\/packforms.com\/en\/wp-json\/wp\/v2\/pages\/2136","targetHints":{"allow":["GET"]}}],"collection":[{"href":"https:\/\/packforms.com\/en\/wp-json\/wp\/v2\/pages"}],"about":[{"href":"https:\/\/packforms.com\/en\/wp-json\/wp\/v2\/types\/page"}],"author":[{"embeddable":true,"href":"https:\/\/packforms.com\/en\/wp-json\/wp\/v2\/users\/1"}],"replies":[{"embeddable":true,"href":"https:\/\/packforms.com\/en\/wp-json\/wp\/v2\/comments?post=2136"}],"version-history":[{"count":7,"href":"https:\/\/packforms.com\/en\/wp-json\/wp\/v2\/pages\/2136\/revisions"}],"predecessor-version":[{"id":2571,"href":"https:\/\/packforms.com\/en\/wp-json\/wp\/v2\/pages\/2136\/revisions\/2571"}],"wp:attachment":[{"href":"https:\/\/packforms.com\/en\/wp-json\/wp\/v2\/media?parent=2136"}],"curies":[{"name":"wp","href":"https:\/\/api.w.org\/{rel}","templated":true}]}}