{"id":2728,"date":"2025-06-03T17:41:30","date_gmt":"2025-06-03T14:41:30","guid":{"rendered":"https:\/\/packforms.com\/?page_id=2728"},"modified":"2025-08-20T10:12:01","modified_gmt":"2025-08-20T07:12:01","slug":"blog","status":"publish","type":"page","link":"https:\/\/packforms.com\/en\/blog\/","title":{"rendered":"Blog"},"content":{"rendered":"<div data-elementor-type=\"wp-page\" data-elementor-id=\"2728\" class=\"elementor elementor-2728\">\n\t\t\t\t<div class=\"elementor-element elementor-element-d106525 e-flex e-con-boxed e-con e-parent\" data-id=\"d106525\" data-element_type=\"container\">\n\t\t\t\t\t<div class=\"e-con-inner\">\n\t\t\t\t<div class=\"elementor-element elementor-element-ece721b elementor-widget elementor-widget-porto_blog\" data-id=\"ece721b\" data-element_type=\"widget\" data-widget_type=\"porto_blog.default\">\n\t\t\t\t<div class=\"elementor-widget-container\">\n\t\t\t<div id=\"porto-blog-5350\" class=\"porto-blog wpb_content_element\">\t\t<div class=\"blog-posts posts-grid\">\r\n\t\t\t<div class=\"posts-container row\">\r\n\t\t\r\n<article class=\"post post-grid col-md-6 col-lg-4 post-title-simple post-2981 post type-post status-publish format-standard has-post-thumbnail hentry category-blog\">\r\n\t<div class=\"grid-box\">\r\n\t\t\t<div class=\"post-image single\">\r\n\t\t<div class=\"post-slideshow porto-carousel owl-carousel has-ccols ccols-1  nav-inside nav-inside-center nav-style-2 show-nav-hover\" data-plugin-options='{\"nav\":true}'>\r\n\t\t\t\t\t\t\t\t\t\t\t<a href=\"https:\/\/packforms.com\/en\/tek-kullanimlik-plastik-sizdirmaz-gida-kaplari-nedir\/\" aria-label=\"post image\">\r\n\t\t\t\t\t\t\t\t<div class=\"img-thumbnail\">\r\n\t\t\t\t\t\t<img fetchpriority=\"high\" decoding=\"async\" width=\"400\" height=\"300\" src=\"https:\/\/packforms.com\/wp-content\/uploads\/2024\/07\/slide2-400x300.png\" class=\"owl-lazy img-responsive\" alt=\"Packforms slide2-400x300 Blog \" title=\"Packforms slide2-400x300 S\u0131zd\u0131rmaz Pet D\u00fcz Kapakl\u0131 Kaplar: G\u00fcvenli ve Pratik Depolama \u00c7\u00f6z\u00fcm\u00fc Blog \">\t\t\t\t\t\t\t\t\t\t\t<\/div>\r\n\t\t\t\t\t\t\t\t<\/a>\r\n\t\t\t\t\t\t\t\t<\/div>\r\n\t\t\r\n\t\t\t<\/div>\r\n\t\r\n\t\t<!-- Post meta before content -->\r\n\t\t<div class=\"post-meta\"><\/div>\t\t<div class=\"post-content\">\r\n\r\n\t\t\t<h4 class=\"entry-title\"><a href=\"https:\/\/packforms.com\/en\/tek-kullanimlik-plastik-sizdirmaz-gida-kaplari-nedir\/\">What are disposable plastic leakproof food containers?<\/a><\/h4>\r\n\t\t\t<span class=\"vcard\" style=\"display: none;\"><span class=\"fn\"><a href=\"https:\/\/packforms.com\/en\/author\/packforms\/\" title=\"Posts by packforms\" rel=\"author\">packforms<\/a><\/span><\/span><span class=\"updated\" style=\"display:none\">2026-03-06T12:27:19+03:00<\/span><p class=\"post-excerpt\">Tek Kullan\u0131ml\u0131k Plastik S\u0131zd\u0131rmaz G\u0131da Kaplar\u0131, g\u0131dalar\u0131n g\u00fcvenli \u015fekilde saklanmas\u0131, ta\u015f\u0131nmas\u0131 ve sunulmas\u0131 i\u00e7in geli\u015ftirilen pratik ambalaj \u00e7\u00f6z\u00fcmleridir. \u00d6zellikle restoranlar, pastaneler, catering firmalar\u0131 ve paket servis yapan i\u015fletmeler i\u00e7in hijyenik ve g\u00fcvenilir bir kullan\u0131m sunar. S\u0131zd\u0131rmaz kapak yap\u0131s\u0131 sayesinde s\u0131v\u0131 veya soslu \u00fcr\u00fcnlerde d\u00f6k\u00fclme riskini minimize eder ve g\u0131dan\u0131n tazeli\u011fini...<\/p>\t\t\t\t\t<\/div>\r\n\t\t<!-- Post meta after content -->\r\n\t\t\t\t<div class=\"clearfix\">\r\n\t\t\t<a class=\"btn btn-xs btn-default text-xs text-uppercase btn-readmore\" href=\"https:\/\/packforms.com\/en\/tek-kullanimlik-plastik-sizdirmaz-gida-kaplari-nedir\/\">Read more...<\/a>\r\n\t\t<\/div>\r\n\t<\/div>\r\n<\/article>\r\n\r\n<article class=\"post post-grid col-md-6 col-lg-4 post-title-simple post-2911 post type-post status-publish format-standard has-post-thumbnail hentry category-blog tag-sizdirmaz-pet-kap tag-sizdirmaz-pet-plastik-kap tag-sizdirmaz-plastik-kap\">\r\n\t<div class=\"grid-box\">\r\n\t\t\t<div class=\"post-image single\">\r\n\t\t<div class=\"post-slideshow porto-carousel owl-carousel has-ccols ccols-1  nav-inside nav-inside-center nav-style-2 show-nav-hover\" data-plugin-options='{\"nav\":true}'>\r\n\t\t\t\t\t\t\t\t\t\t\t<a href=\"https:\/\/packforms.com\/en\/what-are-leakproof-plastic-containers-advantages-and-uses\/\" aria-label=\"post image\">\r\n\t\t\t\t\t\t\t\t<div class=\"img-thumbnail\">\r\n\t\t\t\t\t\t<img decoding=\"async\" width=\"400\" height=\"300\" src=\"https:\/\/packforms.com\/wp-content\/uploads\/2026\/03\/250cc-Kare-Sizdirmaz-Kap-PF0110-400x300.png\" class=\"owl-lazy img-responsive\" alt=\"Packforms 250cc-Kare-Sizdirmaz-Kap-PF0110-400x300 Blog \" title=\"Packforms 250cc-Kare-Sizdirmaz-Kap-PF0110-400x300 S\u0131zd\u0131rmaz Pet D\u00fcz Kapakl\u0131 Kaplar: G\u00fcvenli ve Pratik Depolama \u00c7\u00f6z\u00fcm\u00fc Blog \">\t\t\t\t\t\t\t\t\t\t\t<\/div>\r\n\t\t\t\t\t\t\t\t<\/a>\r\n\t\t\t\t\t\t\t\t<\/div>\r\n\t\t\r\n\t\t\t<\/div>\r\n\t\r\n\t\t<!-- Post meta before content -->\r\n\t\t<div class=\"post-meta\"><\/div>\t\t<div class=\"post-content\">\r\n\r\n\t\t\t<h4 class=\"entry-title\"><a href=\"https:\/\/packforms.com\/en\/what-are-leakproof-plastic-containers-advantages-and-uses\/\">What is a Leakproof Plastic Container? Advantages and Applications<\/a><\/h4>\r\n\t\t\t<span class=\"vcard\" style=\"display: none;\"><span class=\"fn\"><a href=\"https:\/\/packforms.com\/en\/author\/packforms\/\" title=\"Posts by packforms\" rel=\"author\">packforms<\/a><\/span><\/span><span class=\"updated\" style=\"display:none\">2026-03-05T14:27:57+03:00<\/span><p class=\"post-excerpt\">S\u0131zd\u0131rmaz plastik kap, g\u0131da ve s\u0131v\u0131 \u00fcr\u00fcnlerin g\u00fcvenli \u015fekilde saklanmas\u0131, ta\u015f\u0131nmas\u0131 ve raf \u00f6mr\u00fcn\u00fcn korunmas\u0131 i\u00e7in \u00f6zel kapak sistemiyle \u00fcretilmi\u015f ambalaj \u00e7\u00f6z\u00fcmleridir. \u00d6zellikle PET plastik kap teknolojisi sayesinde hem dayan\u0131kl\u0131 hem de hijyenik bir kullan\u0131m sunar. G\u0131da \u00fcreticileri, paket servis i\u015fletmeleri ve perakende markalar\u0131 i\u00e7in s\u0131zd\u0131rmazl\u0131k \u00f6zelli\u011fi \u00fcr\u00fcn kalitesini koruyan...<\/p>\t\t\t\t\t<\/div>\r\n\t\t<!-- Post meta after content -->\r\n\t\t\t\t<div class=\"clearfix\">\r\n\t\t\t<a class=\"btn btn-xs btn-default text-xs text-uppercase btn-readmore\" href=\"https:\/\/packforms.com\/en\/what-are-leakproof-plastic-containers-advantages-and-uses\/\">Read more...<\/a>\r\n\t\t<\/div>\r\n\t<\/div>\r\n<\/article>\r\n\r\n<article class=\"post post-grid col-md-6 col-lg-4 post-title-simple post-2837 post type-post status-publish format-standard has-post-thumbnail hentry category-blog\">\r\n\t<div class=\"grid-box\">\r\n\t\t\t<div class=\"post-image single\">\r\n\t\t<div class=\"post-slideshow porto-carousel owl-carousel has-ccols ccols-1  nav-inside nav-inside-center nav-style-2 show-nav-hover\" data-plugin-options='{\"nav\":true}'>\r\n\t\t\t\t\t\t\t\t\t\t\t<a href=\"https:\/\/packforms.com\/en\/leakproof-door\/\" aria-label=\"post image\">\r\n\t\t\t\t\t\t\t\t<div class=\"img-thumbnail\">\r\n\t\t\t\t\t\t<img decoding=\"async\" width=\"400\" height=\"300\" src=\"https:\/\/packforms.com\/wp-content\/uploads\/2025\/12\/sizdirmaz-kap-packforms-400x300.png\" class=\"owl-lazy img-responsive\" alt=\"Packforms sizdirmaz-kap-packforms-400x300 Blog \" title=\"Packforms sizdirmaz-kap-packforms-400x300 S\u0131zd\u0131rmaz Pet D\u00fcz Kapakl\u0131 Kaplar: G\u00fcvenli ve Pratik Depolama \u00c7\u00f6z\u00fcm\u00fc Blog \">\t\t\t\t\t\t\t\t\t\t\t<\/div>\r\n\t\t\t\t\t\t\t\t<\/a>\r\n\t\t\t\t\t\t\t\t<\/div>\r\n\t\t\r\n\t\t\t<\/div>\r\n\t\r\n\t\t<!-- Post meta before content -->\r\n\t\t<div class=\"post-meta\"><\/div>\t\t<div class=\"post-content\">\r\n\r\n\t\t\t<h4 class=\"entry-title\"><a href=\"https:\/\/packforms.com\/en\/leakproof-door\/\">Leakproof Container | Packforms PET Food Containers<\/a><\/h4>\r\n\t\t\t<span class=\"vcard\" style=\"display: none;\"><span class=\"fn\"><a href=\"https:\/\/packforms.com\/en\/author\/packforms\/\" title=\"Posts by packforms\" rel=\"author\">packforms<\/a><\/span><\/span><span class=\"updated\" style=\"display:none\">2025-12-25T11:08:43+03:00<\/span><p class=\"post-excerpt\">G\u0131da sekt\u00f6r\u00fcnde paket servis ve \u00fcr\u00fcn ta\u015f\u0131mac\u0131l\u0131\u011f\u0131, do\u011fru ambalaj se\u00e7imiyle do\u011frudan ili\u015fkilidir. Akma, s\u0131zma ve d\u00f6k\u00fclme gibi sorunlar hem hijyen riskleri olu\u015fturur hem de marka alg\u0131s\u0131n\u0131 zedeler. Packforms, bu ihtiya\u00e7lara \u00f6zel geli\u015ftirdi\u011fi s\u0131zd\u0131rmaz PET kap \u00e7\u00f6z\u00fcmleri ile g\u0131da g\u00fcvenli\u011fini ve operasyonel verimlili\u011fi bir araya getirir.\r\nS\u0131zd\u0131rmaz kap, s\u0131v\u0131 ve yar\u0131 s\u0131v\u0131...<\/p>\t\t\t\t\t<\/div>\r\n\t\t<!-- Post meta after content -->\r\n\t\t\t\t<div class=\"clearfix\">\r\n\t\t\t<a class=\"btn btn-xs btn-default text-xs text-uppercase btn-readmore\" href=\"https:\/\/packforms.com\/en\/leakproof-door\/\">Read more...<\/a>\r\n\t\t<\/div>\r\n\t<\/div>\r\n<\/article>\r\n\r\n<article class=\"post post-grid col-md-6 col-lg-4 post-title-simple post-2824 post type-post status-publish format-standard has-post-thumbnail hentry category-blog tag-sale-kabi tag-sale-kaplari\">\r\n\t<div class=\"grid-box\">\r\n\t\t\t<div class=\"post-image single\">\r\n\t\t<div class=\"post-slideshow porto-carousel owl-carousel has-ccols ccols-1  nav-inside nav-inside-center nav-style-2 show-nav-hover\" data-plugin-options='{\"nav\":true}'>\r\n\t\t\t\t\t\t\t\t\t\t\t<a href=\"https:\/\/packforms.com\/en\/what-is-sale-packaging-packforms-sale-containers\/\" aria-label=\"post image\">\r\n\t\t\t\t\t\t\t\t<div class=\"img-thumbnail\">\r\n\t\t\t\t\t\t<img loading=\"lazy\" decoding=\"async\" width=\"400\" height=\"300\" src=\"https:\/\/packforms.com\/wp-content\/uploads\/2025\/12\/sale-kabi-400x300.png\" class=\"owl-lazy img-responsive\" alt=\"Packforms sale-kabi-400x300 Blog \" title=\"Packforms sale-kabi-400x300 S\u0131zd\u0131rmaz Pet D\u00fcz Kapakl\u0131 Kaplar: G\u00fcvenli ve Pratik Depolama \u00c7\u00f6z\u00fcm\u00fc Blog \">\t\t\t\t\t\t\t\t\t\t\t<\/div>\r\n\t\t\t\t\t\t\t\t<\/a>\r\n\t\t\t\t\t\t\t\t<\/div>\r\n\t\t\r\n\t\t\t<\/div>\r\n\t\r\n\t\t<!-- Post meta before content -->\r\n\t\t<div class=\"post-meta\"><\/div>\t\t<div class=\"post-content\">\r\n\r\n\t\t\t<h4 class=\"entry-title\"><a href=\"https:\/\/packforms.com\/en\/what-is-sale-packaging-packforms-sale-containers\/\">What is a Chalet? The New Trend in Industrial Packaging: Packforms Chalet Containers<\/a><\/h4>\r\n\t\t\t<span class=\"vcard\" style=\"display: none;\"><span class=\"fn\"><a href=\"https:\/\/packforms.com\/en\/author\/packforms\/\" title=\"Posts by packforms\" rel=\"author\">packforms<\/a><\/span><\/span><span class=\"updated\" style=\"display:none\">2025-12-03T14:18:22+03:00<\/span><p class=\"post-excerpt\">Ambalaj sekt\u00f6r\u00fcnde son y\u0131llarda s\u0131k\u00e7a duyulan bir terim var: \u015fale. Ancak pek \u00e7ok i\u015fletme, \u015falenin ne oldu\u011funu ve hangi avantajlar\u0131 sundu\u011funu tam olarak bilmiyor. Bu i\u00e7erikte \u015fale nedir, ne i\u00e7in kullan\u0131l\u0131r ve Packforms\u2019un geli\u015ftirdi\u011fi \u015fale kaplar\u0131n\u0131n i\u015fletmelere nas\u0131l fayda sa\u011flad\u0131\u011f\u0131n\u0131 ad\u0131m ad\u0131m a\u00e7\u0131klayaca\u011f\u0131z.\r\n\r\n\u015eale Nedir?\r\n\u015eale, g\u0131da \u00fcr\u00fcnlerinin hijyenik, g\u00fcvenli ve estetik...<\/p>\t\t\t\t\t<\/div>\r\n\t\t<!-- Post meta after content -->\r\n\t\t\t\t<div class=\"clearfix\">\r\n\t\t\t<a class=\"btn btn-xs btn-default text-xs text-uppercase btn-readmore\" href=\"https:\/\/packforms.com\/en\/what-is-sale-packaging-packforms-sale-containers\/\">Read more...<\/a>\r\n\t\t<\/div>\r\n\t<\/div>\r\n<\/article>\r\n\r\n<article class=\"post post-grid col-md-6 col-lg-4 post-title-simple post-2801 post type-post status-publish format-standard has-post-thumbnail hentry category-blog tag-sizdirmaz-peynir-kabi\">\r\n\t<div class=\"grid-box\">\r\n\t\t\t<div class=\"post-image single\">\r\n\t\t<div class=\"post-slideshow porto-carousel owl-carousel has-ccols ccols-1  nav-inside nav-inside-center nav-style-2 show-nav-hover\" data-plugin-options='{\"nav\":true}'>\r\n\t\t\t\t\t\t\t\t\t\t\t<a href=\"https:\/\/packforms.com\/en\/leakproof-cheese-containers\/\" aria-label=\"post image\">\r\n\t\t\t\t\t\t\t\t<div class=\"img-thumbnail\">\r\n\t\t\t\t\t\t<img loading=\"lazy\" decoding=\"async\" width=\"400\" height=\"300\" src=\"https:\/\/packforms.com\/wp-content\/uploads\/2025\/11\/peynirsulu-e1764145793404-400x300.png\" class=\"owl-lazy img-responsive\" alt=\"Packforms peynirsulu-e1764145793404-400x300 Blog \" title=\"Packforms peynirsulu-e1764145793404-400x300 S\u0131zd\u0131rmaz Pet D\u00fcz Kapakl\u0131 Kaplar: G\u00fcvenli ve Pratik Depolama \u00c7\u00f6z\u00fcm\u00fc Blog \">\t\t\t\t\t\t\t\t\t\t\t<\/div>\r\n\t\t\t\t\t\t\t\t<\/a>\r\n\t\t\t\t\t\t\t\t<\/div>\r\n\t\t\r\n\t\t\t<\/div>\r\n\t\r\n\t\t<!-- Post meta before content -->\r\n\t\t<div class=\"post-meta\"><\/div>\t\t<div class=\"post-content\">\r\n\r\n\t\t\t<h4 class=\"entry-title\"><a href=\"https:\/\/packforms.com\/en\/leakproof-cheese-containers\/\">Airtight Cheese Container: The Best Way to Keep Your Cheeses Fresh and Safe.<\/a><\/h4>\r\n\t\t\t<span class=\"vcard\" style=\"display: none;\"><span class=\"fn\"><a href=\"https:\/\/packforms.com\/en\/author\/packforms\/\" title=\"Posts by packforms\" rel=\"author\">packforms<\/a><\/span><\/span><span class=\"updated\" style=\"display:none\">2025-11-26T11:33:04+03:00<\/span><p class=\"post-excerpt\">Peynir, hassas yap\u0131s\u0131 nedeniyle do\u011fru saklama ko\u015fullar\u0131 sa\u011flanmad\u0131\u011f\u0131nda h\u0131zla bozulabilen bir g\u0131dad\u0131r. \u00d6zellikle profesyonel mutfaklar, \u015fark\u00fcteriler, marketler ve \u00fcreticiler i\u00e7in peynirin taze kalmas\u0131 hem lezzet hem de m\u00fc\u015fteri memnuniyeti a\u00e7\u0131s\u0131ndan kritik \u00f6nem ta\u015f\u0131r. Bu noktada s\u0131zd\u0131rmaz peynir kab\u0131 kullanmak, peynirlerin raf \u00f6mr\u00fcn\u00fc uzatman\u0131n en etkili yollar\u0131ndan biridir.\r\nPackforms olarak, i\u015fletmelerin hijyen,...<\/p>\t\t\t\t\t<\/div>\r\n\t\t<!-- Post meta after content -->\r\n\t\t\t\t<div class=\"clearfix\">\r\n\t\t\t<a class=\"btn btn-xs btn-default text-xs text-uppercase btn-readmore\" href=\"https:\/\/packforms.com\/en\/leakproof-cheese-containers\/\">Read more...<\/a>\r\n\t\t<\/div>\r\n\t<\/div>\r\n<\/article>\r\n\r\n<article class=\"post post-grid col-md-6 col-lg-4 post-title-simple post-2748 post type-post status-publish format-standard has-post-thumbnail hentry category-blog category-haber tag-avrasya-ambalaj-fuari\">\r\n\t<div class=\"grid-box\">\r\n\t\t\t<div class=\"post-image single\">\r\n\t\t<div class=\"post-slideshow porto-carousel owl-carousel has-ccols ccols-1  nav-inside nav-inside-center nav-style-2 show-nav-hover\" data-plugin-options='{\"nav\":true}'>\r\n\t\t\t\t\t\t\t\t\t\t\t<a href=\"https:\/\/packforms.com\/en\/packforms-at-eurasia-packaging-2025\/\" aria-label=\"post image\">\r\n\t\t\t\t\t\t\t\t<div class=\"img-thumbnail\">\r\n\t\t\t\t\t\t<img loading=\"lazy\" decoding=\"async\" width=\"400\" height=\"300\" src=\"https:\/\/packforms.com\/wp-content\/uploads\/2025\/08\/Packforms-Avrasya-Ambalaj-2025-Fuarinda-Yerini-Aliyor-min-e1755677625726-400x300.png\" class=\"owl-lazy img-responsive\" alt=\"Packforms Packforms-Avrasya-Ambalaj-2025-Fuarinda-Yerini-Aliyor-min-e1755677625726-400x300 Blog \" title=\"Packforms Packforms-Avrasya-Ambalaj-2025-Fuarinda-Yerini-Aliyor-min-e1755677625726-400x300 S\u0131zd\u0131rmaz Pet D\u00fcz Kapakl\u0131 Kaplar: G\u00fcvenli ve Pratik Depolama \u00c7\u00f6z\u00fcm\u00fc Blog \">\t\t\t\t\t\t\t\t\t\t\t<\/div>\r\n\t\t\t\t\t\t\t\t<\/a>\r\n\t\t\t\t\t\t\t\t<\/div>\r\n\t\t\r\n\t\t\t<\/div>\r\n\t\r\n\t\t<!-- Post meta before content -->\r\n\t\t<div class=\"post-meta\"><\/div>\t\t<div class=\"post-content\">\r\n\r\n\t\t\t<h4 class=\"entry-title\"><a href=\"https:\/\/packforms.com\/en\/packforms-at-eurasia-packaging-2025\/\">Packforms, Avrasya Ambalaj 2025 Fuar\u0131\u2019nda Yerini Al\u0131yor!<\/a><\/h4>\r\n\t\t\t<span class=\"vcard\" style=\"display: none;\"><span class=\"fn\"><a href=\"https:\/\/packforms.com\/en\/author\/packforms\/\" title=\"Posts by packforms\" rel=\"author\">packforms<\/a><\/span><\/span><span class=\"updated\" style=\"display:none\">2025-08-20T11:10:19+03:00<\/span><p class=\"post-excerpt\">Ambalaj sekt\u00f6r\u00fcn\u00fcn en b\u00fcy\u00fck bulu\u015fma noktas\u0131 olan Avrasya Ambalaj \u0130stanbul Fuar\u0131, bu y\u0131l da kap\u0131lar\u0131n\u0131 a\u00e7\u0131yor.\ud83d\udcc5 22-25 Ekim 2025\ud83d\udccd T\u00dcYAP Fuar ve Kongre Merkezi, \u0130stanbul\r\nBiz de Packforms\u00a0olarak bu prestijli organizasyonda yerimizi al\u0131yor, sekt\u00f6r profesyonelleriyle bir araya geliyoruz. En yeni \u00fcr\u00fcnlerimizi, inovatif \u00e7\u00f6z\u00fcmlerimizi ve s\u00fcrd\u00fcr\u00fclebilirlik odakl\u0131 \u00fcretim anlay\u0131\u015f\u0131m\u0131z\u0131 ziyaret\u00e7ilerimizle payla\u015fmak i\u00e7in...<\/p>\t\t\t\t\t<\/div>\r\n\t\t<!-- Post meta after content -->\r\n\t\t\t\t<div class=\"clearfix\">\r\n\t\t\t<a class=\"btn btn-xs btn-default text-xs text-uppercase btn-readmore\" href=\"https:\/\/packforms.com\/en\/packforms-at-eurasia-packaging-2025\/\">Read more...<\/a>\r\n\t\t<\/div>\r\n\t<\/div>\r\n<\/article>\r\n\r\n<article class=\"post post-grid col-md-6 col-lg-4 post-title-simple post-2704 post type-post status-publish format-standard has-post-thumbnail hentry category-blog\">\r\n\t<div class=\"grid-box\">\r\n\t\t\t<div class=\"post-image single\">\r\n\t\t<div class=\"post-slideshow porto-carousel owl-carousel has-ccols ccols-1  nav-inside nav-inside-center nav-style-2 show-nav-hover\" data-plugin-options='{\"nav\":true}'>\r\n\t\t\t\t\t\t\t\t\t\t\t<a href=\"https:\/\/packforms.com\/en\/what-are-plastic-containers-and-where-are-they-used\/\" aria-label=\"post image\">\r\n\t\t\t\t\t\t\t\t<div class=\"img-thumbnail\">\r\n\t\t\t\t\t\t<img loading=\"lazy\" decoding=\"async\" width=\"400\" height=\"300\" src=\"https:\/\/packforms.com\/wp-content\/uploads\/2025\/05\/plastik-kap-400x300.png\" class=\"owl-lazy img-responsive\" alt=\"Packforms plastik-kap-400x300 Blog \" title=\"Packforms plastik-kap-400x300 S\u0131zd\u0131rmaz Pet D\u00fcz Kapakl\u0131 Kaplar: G\u00fcvenli ve Pratik Depolama \u00c7\u00f6z\u00fcm\u00fc Blog \">\t\t\t\t\t\t\t\t\t\t\t<\/div>\r\n\t\t\t\t\t\t\t\t<\/a>\r\n\t\t\t\t\t\t\t\t<\/div>\r\n\t\t\r\n\t\t\t<\/div>\r\n\t\r\n\t\t<!-- Post meta before content -->\r\n\t\t<div class=\"post-meta\"><\/div>\t\t<div class=\"post-content\">\r\n\r\n\t\t\t<h4 class=\"entry-title\"><a href=\"https:\/\/packforms.com\/en\/what-are-plastic-containers-and-where-are-they-used\/\">What Is a Plastic Container? Where Is It Used? | Packforms<\/a><\/h4>\r\n\t\t\t<span class=\"vcard\" style=\"display: none;\"><span class=\"fn\"><a href=\"https:\/\/packforms.com\/en\/author\/packforms\/\" title=\"Posts by packforms\" rel=\"author\">packforms<\/a><\/span><\/span><span class=\"updated\" style=\"display:none\">2025-05-29T21:34:04+03:00<\/span><p class=\"post-excerpt\">G\u00fcnl\u00fck ya\u015famda hemen her alanda kar\u015f\u0131m\u0131za \u00e7\u0131kan plastik kaplar, hem pratiklikleri hem de dayan\u0131kl\u0131l\u0131klar\u0131 sayesinde end\u00fcstriyel \u00fcretimden ev kullan\u0131m\u0131na kadar geni\u015f bir kullan\u0131m alan\u0131na sahiptir. G\u0131da ambalajlar\u0131ndan temizlik \u00fcr\u00fcnlerine, kozmetikten sanayiye kadar pek \u00e7ok sekt\u00f6rde tercih edilen plastik kap \u00e7e\u015fitleri, fonksiyonel \u00f6zellikleriyle dikkat \u00e7eker.\r\n\r\nPlastik Kaplar\u0131n Avantajlar\u0131\r\nPlastik kap kullan\u0131m\u0131n\u0131n bu denli...<\/p>\t\t\t\t\t<\/div>\r\n\t\t<!-- Post meta after content -->\r\n\t\t\t\t<div class=\"clearfix\">\r\n\t\t\t<a class=\"btn btn-xs btn-default text-xs text-uppercase btn-readmore\" href=\"https:\/\/packforms.com\/en\/what-are-plastic-containers-and-where-are-they-used\/\">Read more...<\/a>\r\n\t\t<\/div>\r\n\t<\/div>\r\n<\/article>\r\n\r\n<article class=\"post post-grid col-md-6 col-lg-4 post-title-simple post-2594 post type-post status-publish format-standard has-post-thumbnail hentry category-blog\">\r\n\t<div class=\"grid-box\">\r\n\t\t\t<div class=\"post-image single\">\r\n\t\t<div class=\"post-slideshow porto-carousel owl-carousel has-ccols ccols-1  nav-inside nav-inside-center nav-style-2 show-nav-hover\" data-plugin-options='{\"nav\":true}'>\r\n\t\t\t\t\t\t\t\t\t\t\t<a href=\"https:\/\/packforms.com\/en\/leakproof-pet-flat-lid-containers\/\" aria-label=\"post image\">\r\n\t\t\t\t\t\t\t\t<div class=\"img-thumbnail\">\r\n\t\t\t\t\t\t<img loading=\"lazy\" decoding=\"async\" width=\"400\" height=\"300\" src=\"https:\/\/packforms.com\/wp-content\/uploads\/2024\/08\/duz-kapakli-sizdirmaz-400x300.webp\" class=\"owl-lazy img-responsive\" alt=\"Packforms duz-kapakli-sizdirmaz-400x300 Blog \" title=\"Packforms duz-kapakli-sizdirmaz-400x300 S\u0131zd\u0131rmaz Pet D\u00fcz Kapakl\u0131 Kaplar: G\u00fcvenli ve Pratik Depolama \u00c7\u00f6z\u00fcm\u00fc Blog \">\t\t\t\t\t\t\t\t\t\t\t<\/div>\r\n\t\t\t\t\t\t\t\t<\/a>\r\n\t\t\t\t\t\t\t\t<\/div>\r\n\t\t\r\n\t\t\t<\/div>\r\n\t\r\n\t\t<!-- Post meta before content -->\r\n\t\t<div class=\"post-meta\"><\/div>\t\t<div class=\"post-content\">\r\n\r\n\t\t\t<h4 class=\"entry-title\"><a href=\"https:\/\/packforms.com\/en\/leakproof-pet-flat-lid-containers\/\">Leak-Proof PET Containers with Flat Lids: A Safe and Practical Storage Solution<\/a><\/h4>\r\n\t\t\t<span class=\"vcard\" style=\"display: none;\"><span class=\"fn\"><a href=\"https:\/\/packforms.com\/en\/author\/packforms\/\" title=\"Posts by packforms\" rel=\"author\">packforms<\/a><\/span><\/span><span class=\"updated\" style=\"display:none\">2024-08-17T11:22:48+03:00<\/span><p class=\"post-excerpt\">S\u0131zd\u0131rmaz Pet D\u00fcz Kapakl\u0131 kaplar, g\u0131da maddelerini taze ve g\u00fcvenli bir \u015fekilde saklaman\u0131z\u0131 sa\u011flar. Y\u00fcksek kaliteli Pet malzemeden \u00fcretilmi\u015f bu kaplar, dayan\u0131kl\u0131l\u0131\u011f\u0131 ve \u015feffaf yap\u0131s\u0131 sayesinde i\u00e7eri\u011fi kolayca g\u00f6rmenizi m\u00fcmk\u00fcn k\u0131lar. S\u0131zd\u0131rmaz yap\u0131s\u0131, \u00f6zellikle s\u0131v\u0131 i\u00e7eren g\u0131dalar\u0131n ta\u015f\u0131nmas\u0131 veya saklanmas\u0131 s\u0131ras\u0131nda d\u00f6k\u00fclmeleri \u00f6nleyerek mutfakta ve ta\u015f\u0131ma s\u0131ras\u0131nda b\u00fcy\u00fck kolayl\u0131k sa\u011flar.Bu...<\/p>\t\t\t\t\t<\/div>\r\n\t\t<!-- Post meta after content -->\r\n\t\t\t\t<div class=\"clearfix\">\r\n\t\t\t<a class=\"btn btn-xs btn-default text-xs text-uppercase btn-readmore\" href=\"https:\/\/packforms.com\/en\/leakproof-pet-flat-lid-containers\/\">Read more...<\/a>\r\n\t\t<\/div>\r\n\t<\/div>\r\n<\/article>\r\n\r\n\t\r\n\t\t\t<\/div>\r\n\t\t<\/div>\r\n\r\n\t\r\n\t\r\n\t<\/div>\t\t<\/div>\n\t\t\t\t<\/div>\n\t\t\t\t\t<\/div>\n\t\t\t\t<\/div>\n\t\t\t\t<\/div>","protected":false},"excerpt":{"rendered":"<p>26 May\u0131s 2025Taraf\u0131ndan packformsYorumlar Kapal\u0131 Plastik Kap Nedir? Nerelerde Kullan\u0131l\u0131r? | Packforms packforms2025-05-29T21:34:04+03:00 G\u00fcnl\u00fck ya\u015famda hemen her alanda kar\u015f\u0131m\u0131za \u00e7\u0131kan plastik kaplar, hem pratiklikleri hem de dayan\u0131kl\u0131l\u0131klar\u0131 sayesinde end\u00fcstriyel \u00fcretimden ev kullan\u0131m\u0131na kadar geni\u015f bir kullan\u0131m alan\u0131na sahiptir. G\u0131da ambalajlar\u0131ndan temizlik \u00fcr\u00fcnlerine, kozmetikten sanayiye kadar pek \u00e7ok sekt\u00f6rde tercih edilen plastik kap \u00e7e\u015fitleri, fonksiyonel \u00f6zellikleriyle [&hellip;]<\/p>\n","protected":false},"author":1,"featured_media":0,"parent":0,"menu_order":0,"comment_status":"closed","ping_status":"closed","template":"","meta":{"_acf_changed":false,"footnotes":""},"class_list":["post-2728","page","type-page","status-publish","hentry"],"acf":[],"_links":{"self":[{"href":"https:\/\/packforms.com\/en\/wp-json\/wp\/v2\/pages\/2728","targetHints":{"allow":["GET"]}}],"collection":[{"href":"https:\/\/packforms.com\/en\/wp-json\/wp\/v2\/pages"}],"about":[{"href":"https:\/\/packforms.com\/en\/wp-json\/wp\/v2\/types\/page"}],"author":[{"embeddable":true,"href":"https:\/\/packforms.com\/en\/wp-json\/wp\/v2\/users\/1"}],"replies":[{"embeddable":true,"href":"https:\/\/packforms.com\/en\/wp-json\/wp\/v2\/comments?post=2728"}],"version-history":[{"count":4,"href":"https:\/\/packforms.com\/en\/wp-json\/wp\/v2\/pages\/2728\/revisions"}],"predecessor-version":[{"id":2732,"href":"https:\/\/packforms.com\/en\/wp-json\/wp\/v2\/pages\/2728\/revisions\/2732"}],"wp:attachment":[{"href":"https:\/\/packforms.com\/en\/wp-json\/wp\/v2\/media?parent=2728"}],"curies":[{"name":"wp","href":"https:\/\/api.w.org\/{rel}","templated":true}]}}