{"id":2935,"date":"2026-03-05T14:56:59","date_gmt":"2026-03-05T11:56:59","guid":{"rendered":"https:\/\/packforms.com\/?page_id=2935"},"modified":"2026-03-05T14:57:23","modified_gmt":"2026-03-05T11:57:23","slug":"sizdirmaz-yuksek-kapakli-kaplar","status":"publish","type":"page","link":"https:\/\/packforms.com\/en\/products\/leakproof-high-lid-containers\/","title":{"rendered":"Leakproof High-Lid Containers"},"content":{"rendered":"<div data-elementor-type=\"wp-page\" data-elementor-id=\"2935\" class=\"elementor elementor-2935\">\n\t\t\t\t<div class=\"elementor-element elementor-element-dd153a8 e-flex e-con-boxed e-con e-parent\" data-id=\"dd153a8\" data-element_type=\"container\">\n\t\t\t\t\t<div class=\"e-con-inner\">\n\t\t\t\t<div class=\"elementor-element elementor-element-043fbf0 elementor-widget elementor-widget-porto_portfolios\" data-id=\"043fbf0\" data-element_type=\"widget\" data-widget_type=\"porto_portfolios.default\">\n\t\t\t\t<div class=\"elementor-widget-container\">\n\t\t\t<div id=\"porto-portfolio-8154\" class=\"porto-portfolios porto-portfoliosirq0 wpb_content_element\">\r\n\t<div class=\"page-portfolios clearfix portfolios-grid\" id=\"porto_portfolios_2uan\">\r\n\r\n\t\r\n\t\r\n\t\t\t<div class=\"portfolios-container portfolio-row portfolio-row-3 classic\">\r\n\r\n\t\r\n\t\t<article class=\"portfolio portfolio-grid portfolio-col-3 sizdirmaz-yuksek-kapaklilar post-2360 type-portfolio status-publish has-post-thumbnail hentry portfolio_cat-sizdirmaz-yuksek-kapaklilar\">\r\n\t\t<h3 class=\"entry-title\" style=\"display: none;\">2000cc Rectangular High Lid<\/h3><span class=\"vcard\" style=\"display: none;\"><span class=\"fn\"><a href=\"https:\/\/packforms.com\/en\/author\/packforms\/\" title=\"Posts by packforms\" rel=\"author\">packforms<\/a><\/span><\/span><span class=\"updated\" style=\"display:none\">2024-07-29T17:29:09+03:00<\/span>\t\t<div class=\"portfolio-item default\">\r\n\t\t\t\r\n\t\t\t<a class=\"text-decoration-none portfolio-link\" href=\"https:\/\/packforms.com\/en\/urun\/2000cc-rectangular-high-lid\/\">\r\n\t\t\t\t<span class=\"thumb-info thumb-info-hide-wrapper-bg\">\r\n\t\t\t\t\t<span class=\"thumb-info-wrapper\">\r\n\t\t\t\t\t\t\t\t\t\t\t\t\t\t\t<img fetchpriority=\"high\" decoding=\"async\" class=\"img-responsive\" src=\"https:\/\/packforms.com\/wp-content\/uploads\/2024\/07\/PF0145-367x367.webp\" alt=\"S\u0131zd\u0131rmaz g\u0131da kab\u0131, S\u0131zd\u0131rmaz pet kab\u0131, Dayan\u0131kl\u0131 ve s\u0131zd\u0131rmaz g\u0131da saklama kab\u0131, Hava ge\u00e7irmez ve s\u0131zd\u0131rmaz kap,Leak-proof food container, Leak-proof PET container, Durable and leak-proof storage container, Airtight and leak-proof container\" width=\"367\" height=\"367\" title=\"\">\r\n\t\t\t\t\t\t\t\t\t\r\n\t\t\t\t\t\t\r\n\t\t\t\t\t\t\r\n\t\t\t\t\t\t\t\t\t\t\t\t\t\t\t\t<span class=\"thumb-info-title\">\r\n\r\n\t\t\t\t\t\t\t\t\t\t<span class=\"thumb-info-inner\">2000cc Rectangular High Lid<\/span>\r\n\r\n\t\t\t\t\t\t\t\t\t\t\r\n\t\t\t\t\t\t\t\t\t<\/span>\r\n\t\t\t\t\t\t\t\t\t\t\t\t\t\t\t\t\t\t\t\t\t\t\t\t\t\t\t\t\t\t\t<\/span>\r\n\t\t\t\t<\/span>\r\n\t\t\t<\/a>\r\n\t\t\t\t\t\t\t\t<\/div>\r\n\t<\/article>\r\n\t\t<article class=\"portfolio portfolio-grid portfolio-col-3 sizdirmaz-yuksek-kapaklilar post-2353 type-portfolio status-publish has-post-thumbnail hentry portfolio_cat-sizdirmaz-yuksek-kapaklilar\">\r\n\t\t<h3 class=\"entry-title\" style=\"display: none;\">1750cc Rectangular High Lid<\/h3><span class=\"vcard\" style=\"display: none;\"><span class=\"fn\"><a href=\"https:\/\/packforms.com\/en\/author\/packforms\/\" title=\"Posts by packforms\" rel=\"author\">packforms<\/a><\/span><\/span><span class=\"updated\" style=\"display:none\">2024-07-29T16:07:48+03:00<\/span>\t\t<div class=\"portfolio-item default\">\r\n\t\t\t\r\n\t\t\t<a class=\"text-decoration-none portfolio-link\" href=\"https:\/\/packforms.com\/en\/urun\/1750cc-rectangular-high-lid\/\">\r\n\t\t\t\t<span class=\"thumb-info thumb-info-hide-wrapper-bg\">\r\n\t\t\t\t\t<span class=\"thumb-info-wrapper\">\r\n\t\t\t\t\t\t\t\t\t\t\t\t\t\t\t<img decoding=\"async\" class=\"img-responsive\" src=\"https:\/\/packforms.com\/wp-content\/uploads\/2024\/07\/PF0141-367x367.webp\" alt=\"S\u0131zd\u0131rmaz g\u0131da kab\u0131, S\u0131zd\u0131rmaz pet kab\u0131, Dayan\u0131kl\u0131 ve s\u0131zd\u0131rmaz g\u0131da saklama kab\u0131, Hava ge\u00e7irmez ve s\u0131zd\u0131rmaz kap,Leak-proof food container, Leak-proof PET container, Durable and leak-proof storage container, Airtight and leak-proof container\" width=\"367\" height=\"367\" title=\"\">\r\n\t\t\t\t\t\t\t\t\t\r\n\t\t\t\t\t\t\r\n\t\t\t\t\t\t\r\n\t\t\t\t\t\t\t\t\t\t\t\t\t\t\t\t<span class=\"thumb-info-title\">\r\n\r\n\t\t\t\t\t\t\t\t\t\t<span class=\"thumb-info-inner\">1750cc Rectangular High Lid<\/span>\r\n\r\n\t\t\t\t\t\t\t\t\t\t\r\n\t\t\t\t\t\t\t\t\t<\/span>\r\n\t\t\t\t\t\t\t\t\t\t\t\t\t\t\t\t\t\t\t\t\t\t\t\t\t\t\t\t\t\t\t<\/span>\r\n\t\t\t\t<\/span>\r\n\t\t\t<\/a>\r\n\t\t\t\t\t\t\t\t<\/div>\r\n\t<\/article>\r\n\t\t<article class=\"portfolio portfolio-grid portfolio-col-3 sizdirmaz-yuksek-kapaklilar post-2347 type-portfolio status-publish has-post-thumbnail hentry portfolio_cat-sizdirmaz-yuksek-kapaklilar\">\r\n\t\t<h3 class=\"entry-title\" style=\"display: none;\">1500cc Rectangular High Lid<\/h3><span class=\"vcard\" style=\"display: none;\"><span class=\"fn\"><a href=\"https:\/\/packforms.com\/en\/author\/packforms\/\" title=\"Posts by packforms\" rel=\"author\">packforms<\/a><\/span><\/span><span class=\"updated\" style=\"display:none\">2024-07-29T16:07:52+03:00<\/span>\t\t<div class=\"portfolio-item default\">\r\n\t\t\t\r\n\t\t\t<a class=\"text-decoration-none portfolio-link\" href=\"https:\/\/packforms.com\/en\/urun\/1500cc-rectangular-high-lid\/\">\r\n\t\t\t\t<span class=\"thumb-info thumb-info-hide-wrapper-bg\">\r\n\t\t\t\t\t<span class=\"thumb-info-wrapper\">\r\n\t\t\t\t\t\t\t\t\t\t\t\t\t\t\t<img decoding=\"async\" class=\"img-responsive\" src=\"https:\/\/packforms.com\/wp-content\/uploads\/2024\/07\/PF0137-367x367.webp\" alt=\"S\u0131zd\u0131rmaz g\u0131da kab\u0131, S\u0131zd\u0131rmaz pet kab\u0131, Dayan\u0131kl\u0131 ve s\u0131zd\u0131rmaz g\u0131da saklama kab\u0131, Hava ge\u00e7irmez ve s\u0131zd\u0131rmaz kap,Leak-proof food container, Leak-proof PET container, Durable and leak-proof storage container, Airtight and leak-proof container\" width=\"367\" height=\"367\" title=\"\">\r\n\t\t\t\t\t\t\t\t\t\r\n\t\t\t\t\t\t\r\n\t\t\t\t\t\t\r\n\t\t\t\t\t\t\t\t\t\t\t\t\t\t\t\t<span class=\"thumb-info-title\">\r\n\r\n\t\t\t\t\t\t\t\t\t\t<span class=\"thumb-info-inner\">1500cc Rectangular High Lid<\/span>\r\n\r\n\t\t\t\t\t\t\t\t\t\t\r\n\t\t\t\t\t\t\t\t\t<\/span>\r\n\t\t\t\t\t\t\t\t\t\t\t\t\t\t\t\t\t\t\t\t\t\t\t\t\t\t\t\t\t\t\t<\/span>\r\n\t\t\t\t<\/span>\r\n\t\t\t<\/a>\r\n\t\t\t\t\t\t\t\t<\/div>\r\n\t<\/article>\r\n\t\t<article class=\"portfolio portfolio-grid portfolio-col-3 sizdirmaz-yuksek-kapaklilar post-2341 type-portfolio status-publish has-post-thumbnail hentry portfolio_cat-sizdirmaz-yuksek-kapaklilar\">\r\n\t\t<h3 class=\"entry-title\" style=\"display: none;\">1250cc Rectangular High Lid<\/h3><span class=\"vcard\" style=\"display: none;\"><span class=\"fn\"><a href=\"https:\/\/packforms.com\/en\/author\/packforms\/\" title=\"Posts by packforms\" rel=\"author\">packforms<\/a><\/span><\/span><span class=\"updated\" style=\"display:none\">2024-07-29T16:07:58+03:00<\/span>\t\t<div class=\"portfolio-item default\">\r\n\t\t\t\r\n\t\t\t<a class=\"text-decoration-none portfolio-link\" href=\"https:\/\/packforms.com\/en\/urun\/1250cc-rectangular-high-lid\/\">\r\n\t\t\t\t<span class=\"thumb-info thumb-info-hide-wrapper-bg\">\r\n\t\t\t\t\t<span class=\"thumb-info-wrapper\">\r\n\t\t\t\t\t\t\t\t\t\t\t\t\t\t\t<img loading=\"lazy\" decoding=\"async\" class=\"img-responsive\" src=\"https:\/\/packforms.com\/wp-content\/uploads\/2024\/07\/PF0133-367x367.webp\" alt=\"S\u0131zd\u0131rmaz g\u0131da kab\u0131, S\u0131zd\u0131rmaz pet kab\u0131, Dayan\u0131kl\u0131 ve s\u0131zd\u0131rmaz g\u0131da saklama kab\u0131, Hava ge\u00e7irmez ve s\u0131zd\u0131rmaz kap,Leak-proof food container, Leak-proof PET container, Durable and leak-proof storage container, Airtight and leak-proof container\" width=\"367\" height=\"367\" title=\"\">\r\n\t\t\t\t\t\t\t\t\t\r\n\t\t\t\t\t\t\r\n\t\t\t\t\t\t\r\n\t\t\t\t\t\t\t\t\t\t\t\t\t\t\t\t<span class=\"thumb-info-title\">\r\n\r\n\t\t\t\t\t\t\t\t\t\t<span class=\"thumb-info-inner\">1250cc Rectangular High Lid<\/span>\r\n\r\n\t\t\t\t\t\t\t\t\t\t\r\n\t\t\t\t\t\t\t\t\t<\/span>\r\n\t\t\t\t\t\t\t\t\t\t\t\t\t\t\t\t\t\t\t\t\t\t\t\t\t\t\t\t\t\t\t<\/span>\r\n\t\t\t\t<\/span>\r\n\t\t\t<\/a>\r\n\t\t\t\t\t\t\t\t<\/div>\r\n\t<\/article>\r\n\t\t<article class=\"portfolio portfolio-grid portfolio-col-3 sizdirmaz-yuksek-kapaklilar post-2335 type-portfolio status-publish has-post-thumbnail hentry portfolio_cat-sizdirmaz-yuksek-kapaklilar\">\r\n\t\t<h3 class=\"entry-title\" style=\"display: none;\">1000cc Rectangular High Lid<\/h3><span class=\"vcard\" style=\"display: none;\"><span class=\"fn\"><a href=\"https:\/\/packforms.com\/en\/author\/packforms\/\" title=\"Posts by packforms\" rel=\"author\">packforms<\/a><\/span><\/span><span class=\"updated\" style=\"display:none\">2024-07-29T16:08:02+03:00<\/span>\t\t<div class=\"portfolio-item default\">\r\n\t\t\t\r\n\t\t\t<a class=\"text-decoration-none portfolio-link\" href=\"https:\/\/packforms.com\/en\/urun\/1000cc-rectangular-high-lid\/\">\r\n\t\t\t\t<span class=\"thumb-info thumb-info-hide-wrapper-bg\">\r\n\t\t\t\t\t<span class=\"thumb-info-wrapper\">\r\n\t\t\t\t\t\t\t\t\t\t\t\t\t\t\t<img loading=\"lazy\" decoding=\"async\" class=\"img-responsive\" src=\"https:\/\/packforms.com\/wp-content\/uploads\/2024\/07\/PF0128-367x367.webp\" alt=\"S\u0131zd\u0131rmaz g\u0131da kab\u0131, S\u0131zd\u0131rmaz pet kab\u0131, Dayan\u0131kl\u0131 ve s\u0131zd\u0131rmaz g\u0131da saklama kab\u0131, Hava ge\u00e7irmez ve s\u0131zd\u0131rmaz kap,Leak-proof food container, Leak-proof PET container, Durable and leak-proof storage container, Airtight and leak-proof container\" width=\"367\" height=\"367\" title=\"\">\r\n\t\t\t\t\t\t\t\t\t\r\n\t\t\t\t\t\t\r\n\t\t\t\t\t\t\r\n\t\t\t\t\t\t\t\t\t\t\t\t\t\t\t\t<span class=\"thumb-info-title\">\r\n\r\n\t\t\t\t\t\t\t\t\t\t<span class=\"thumb-info-inner\">1000cc Rectangular High Lid<\/span>\r\n\r\n\t\t\t\t\t\t\t\t\t\t\r\n\t\t\t\t\t\t\t\t\t<\/span>\r\n\t\t\t\t\t\t\t\t\t\t\t\t\t\t\t\t\t\t\t\t\t\t\t\t\t\t\t\t\t\t\t<\/span>\r\n\t\t\t\t<\/span>\r\n\t\t\t<\/a>\r\n\t\t\t\t\t\t\t\t<\/div>\r\n\t<\/article>\r\n\t\t<article class=\"portfolio portfolio-grid portfolio-col-3 sizdirmaz-yuksek-kapaklilar post-2329 type-portfolio status-publish has-post-thumbnail hentry portfolio_cat-sizdirmaz-yuksek-kapaklilar\">\r\n\t\t<h3 class=\"entry-title\" style=\"display: none;\">750cc Rectangular High Lid<\/h3><span class=\"vcard\" style=\"display: none;\"><span class=\"fn\"><a href=\"https:\/\/packforms.com\/en\/author\/packforms\/\" title=\"Posts by packforms\" rel=\"author\">packforms<\/a><\/span><\/span><span class=\"updated\" style=\"display:none\">2024-07-29T16:07:23+03:00<\/span>\t\t<div class=\"portfolio-item default\">\r\n\t\t\t\r\n\t\t\t<a class=\"text-decoration-none portfolio-link\" href=\"https:\/\/packforms.com\/en\/urun\/750cc-rectangular-high-cap\/\">\r\n\t\t\t\t<span class=\"thumb-info thumb-info-hide-wrapper-bg\">\r\n\t\t\t\t\t<span class=\"thumb-info-wrapper\">\r\n\t\t\t\t\t\t\t\t\t\t\t\t\t\t\t<img loading=\"lazy\" decoding=\"async\" class=\"img-responsive\" src=\"https:\/\/packforms.com\/wp-content\/uploads\/2024\/07\/PF0122-367x367.webp\" alt=\"S\u0131zd\u0131rmaz g\u0131da kab\u0131, S\u0131zd\u0131rmaz pet kab\u0131, Dayan\u0131kl\u0131 ve s\u0131zd\u0131rmaz g\u0131da saklama kab\u0131, Hava ge\u00e7irmez ve s\u0131zd\u0131rmaz kap,Leak-proof food container, Leak-proof PET container, Durable and leak-proof storage container, Airtight and leak-proof container\" width=\"367\" height=\"367\" title=\"\">\r\n\t\t\t\t\t\t\t\t\t\r\n\t\t\t\t\t\t\r\n\t\t\t\t\t\t\r\n\t\t\t\t\t\t\t\t\t\t\t\t\t\t\t\t<span class=\"thumb-info-title\">\r\n\r\n\t\t\t\t\t\t\t\t\t\t<span class=\"thumb-info-inner\">750cc Rectangular High Lid<\/span>\r\n\r\n\t\t\t\t\t\t\t\t\t\t\r\n\t\t\t\t\t\t\t\t\t<\/span>\r\n\t\t\t\t\t\t\t\t\t\t\t\t\t\t\t\t\t\t\t\t\t\t\t\t\t\t\t\t\t\t\t<\/span>\r\n\t\t\t\t<\/span>\r\n\t\t\t<\/a>\r\n\t\t\t\t\t\t\t\t<\/div>\r\n\t<\/article>\r\n\t\t<article class=\"portfolio portfolio-grid portfolio-col-3 sizdirmaz-yuksek-kapaklilar post-2316 type-portfolio status-publish has-post-thumbnail hentry portfolio_cat-sizdirmaz-yuksek-kapaklilar\">\r\n\t\t<h3 class=\"entry-title\" style=\"display: none;\">500cc Rectangular High Lid<\/h3><span class=\"vcard\" style=\"display: none;\"><span class=\"fn\"><a href=\"https:\/\/packforms.com\/en\/author\/packforms\/\" title=\"Posts by packforms\" rel=\"author\">packforms<\/a><\/span><\/span><span class=\"updated\" style=\"display:none\">2024-07-29T16:07:39+03:00<\/span>\t\t<div class=\"portfolio-item default\">\r\n\t\t\t\r\n\t\t\t<a class=\"text-decoration-none portfolio-link\" href=\"https:\/\/packforms.com\/en\/urun\/500cc-rectangular-high-lid\/\">\r\n\t\t\t\t<span class=\"thumb-info thumb-info-hide-wrapper-bg\">\r\n\t\t\t\t\t<span class=\"thumb-info-wrapper\">\r\n\t\t\t\t\t\t\t\t\t\t\t\t\t\t\t<img loading=\"lazy\" decoding=\"async\" class=\"img-responsive\" src=\"https:\/\/packforms.com\/wp-content\/uploads\/2024\/07\/PF0117-367x367.webp\" alt=\"S\u0131zd\u0131rmaz g\u0131da kab\u0131, S\u0131zd\u0131rmaz pet kab\u0131, Dayan\u0131kl\u0131 ve s\u0131zd\u0131rmaz g\u0131da saklama kab\u0131, Hava ge\u00e7irmez ve s\u0131zd\u0131rmaz kap,Leak-proof food container, Leak-proof PET container, Durable and leak-proof storage container, Airtight and leak-proof container\" width=\"367\" height=\"367\" title=\"\">\r\n\t\t\t\t\t\t\t\t\t\r\n\t\t\t\t\t\t\r\n\t\t\t\t\t\t\r\n\t\t\t\t\t\t\t\t\t\t\t\t\t\t\t\t<span class=\"thumb-info-title\">\r\n\r\n\t\t\t\t\t\t\t\t\t\t<span class=\"thumb-info-inner\">500cc Rectangular High Lid<\/span>\r\n\r\n\t\t\t\t\t\t\t\t\t\t\r\n\t\t\t\t\t\t\t\t\t<\/span>\r\n\t\t\t\t\t\t\t\t\t\t\t\t\t\t\t\t\t\t\t\t\t\t\t\t\t\t\t\t\t\t\t<\/span>\r\n\t\t\t\t<\/span>\r\n\t\t\t<\/a>\r\n\t\t\t\t\t\t\t\t<\/div>\r\n\t<\/article>\r\n\t\r\n\t\r\n\t\r\n\t\t<\/div>\r\n\r\n\t\r\n\t\r\n\t<\/div>\r\n\r\n\t\r\n\t\r\n\t<\/div>\t\t<\/div>\n\t\t\t\t<\/div>\n\t\t\t\t\t<\/div>\n\t\t\t\t<\/div>\n\t\t<div class=\"elementor-element elementor-element-3a539d9 e-flex e-con-boxed e-con e-parent\" data-id=\"3a539d9\" data-element_type=\"container\">\n\t\t\t\t\t<div class=\"e-con-inner\">\n\t\t\t\t<div class=\"elementor-element elementor-element-7b92e37 mb-3 elementor-invisible elementor-widget elementor-widget-heading\" data-id=\"7b92e37\" data-element_type=\"widget\" data-settings=\"{&quot;_animation&quot;:&quot;fadeInUp&quot;,&quot;_animation_delay&quot;:400}\" data-widget_type=\"heading.default\">\n\t\t\t\t<div class=\"elementor-widget-container\">\n\t\t\t<h3 class=\"elementor-heading-title elementor-size-default\">Get a Quote Now!<\/h3>\t\t<\/div>\n\t\t\t\t<\/div>\n\t\t\t\t<div class=\"elementor-element elementor-element-3c54c5e elementor-widget elementor-widget-text-editor\" data-id=\"3c54c5e\" data-element_type=\"widget\" data-widget_type=\"text-editor.default\">\n\t\t\t\t<div class=\"elementor-widget-container\">\n\t\t\t\t\t\t\t<p>\n<div class=\"wpcf7 no-js\" id=\"wpcf7-f2144-p2935-o1\" lang=\"tr-TR\" dir=\"ltr\">\n<div class=\"screen-reader-response\"><p role=\"status\" aria-live=\"polite\" aria-atomic=\"true\"><\/p> <ul><\/ul><\/div>\n<form action=\"https:\/\/packforms.com\/en\/products\/leakproof-high-lid-containers\/#wpcf7-f2144-p2935-o1\" method=\"post\" class=\"wpcf7-form init\" aria-label=\"\u0130leti\u015fim Formu\" novalidate=\"novalidate\" data-status=\"init\" data-trp-original-action=\"\/urunler\/sizdirmaz-yuksek-kapakli-kaplar\/#wpcf7-f2144-p2935-o1\">\n<div style=\"display: none;\">\n<input type=\"hidden\" name=\"_wpcf7\" value=\"2144\" \/>\n<input type=\"hidden\" name=\"_wpcf7_version\" value=\"5.9.8\" \/>\n<input type=\"hidden\" name=\"_wpcf7_locale\" value=\"tr_TR\" \/>\n<input type=\"hidden\" name=\"_wpcf7_unit_tag\" value=\"wpcf7-f2144-p2935-o1\" \/>\n<input type=\"hidden\" name=\"_wpcf7_container_post\" value=\"2935\" \/>\n<input type=\"hidden\" name=\"_wpcf7_posted_data_hash\" value=\"\" \/>\n<input type=\"hidden\" name=\"_wpcf7_recaptcha_response\" value=\"\" \/>\n<\/div>\n<div class=\"form-group mb-3\">\n\t<p><span class=\"wpcf7-form-control-wrap\" data-name=\"your-name\"><input size=\"40\" maxlength=\"400\" class=\"wpcf7-form-control wpcf7-text wpcf7-validates-as-required form-control\" aria-required=\"true\" aria-invalid=\"false\" placeholder=\"Your Name and Surname\" value=\"\" type=\"text\" name=\"your-name\" \/><\/span><br \/>\n<span class=\"wpcf7-form-control-wrap\" data-name=\"your-email\"><input size=\"40\" maxlength=\"400\" class=\"wpcf7-form-control wpcf7-email wpcf7-validates-as-required wpcf7-text wpcf7-validates-as-email form-control\" aria-required=\"true\" aria-invalid=\"false\" placeholder=\"Email Address\" value=\"\" type=\"email\" name=\"your-email\" \/><\/span><br \/>\n<span class=\"wpcf7-form-control-wrap intl_tel-116\"><input class=\"wpcf7-form-control wpcf7-intl_tel wpcf7-validates-as-required wpcf7-intl-tel form-control\" aria-required=\"true\" aria-invalid=\"false\" data-initialcountry=\"tr\" value=\"\" type=\"tel\" name=\"intl_tel-116-cf7it-national\" \/><input name=\"intl_tel-116\" type=\"hidden\" class=\"wpcf7-intl-tel-full\" \/><input type=\"hidden\" name=\"intl_tel-116-cf7it-country-name\" class=\"wpcf7-intl-tel-country-name\" \/><input type=\"hidden\" name=\"intl_tel-116-cf7it-country-code\" class=\"wpcf7-intl-tel-country-code\" \/><input type=\"hidden\" name=\"intl_tel-116-cf7it-country-iso2\" class=\"wpcf7-intl-tel-country-iso2\" \/><\/span>\n\t<\/p>\n\t<p><span class=\"wpcf7-form-control-wrap\" data-name=\"your-message\"><textarea cols=\"40\" rows=\"7\" maxlength=\"2000\" class=\"wpcf7-form-control wpcf7-textarea wpcf7-validates-as-required form-control\" aria-required=\"true\" aria-invalid=\"false\" placeholder=\"Please explain the product, quantity, shipping, and detail information...\" name=\"your-message\"><\/textarea><\/span>\n\t<\/p>\n<\/div>\n<div class=\"form-group btn-triangle\" style=\"padding-right: 20px; overflow: hidden; position: relative; z-index: 1;\">\n\t<p><button type=\"submit\" class=\"btn btn-primary btn-modern btn-lg\" style=\"position: relative; box-shadow: none !important; font-weight: 700; padding: 1.1875rem 2.5rem 1.1875rem 3.125rem;\">Send<\/button>\n\t<\/p>\n<\/div><div class=\"wpcf7-response-output\" aria-hidden=\"true\"><\/div>\n<input type=\"hidden\" name=\"trp-form-language\" value=\"en\"\/><\/form>\n<\/div>\n<\/p>\t\t\t\t\t\t<\/div>\n\t\t\t\t<\/div>\n\t\t\t\t\t<\/div>\n\t\t\t\t<\/div>\n\t\t\t\t<\/div>","protected":false},"excerpt":{"rendered":"<p>2000cc Dikd\u00f6rtgen Y\u00fcksek Kapak packforms2024-07-29T17:29:09+03:00 2000cc Dikd\u00f6rtgen Y\u00fcksek Kapak 1750cc Dikd\u00f6rtgen Y\u00fcksek Kapak packforms2024-07-29T16:07:48+03:00 1750cc Dikd\u00f6rtgen Y\u00fcksek Kapak 1500cc Dikd\u00f6rtgen Y\u00fcksek Kapak packforms2024-07-29T16:07:52+03:00 1500cc Dikd\u00f6rtgen Y\u00fcksek Kapak 1250cc Dikd\u00f6rtgen Y\u00fcksek Kapak packforms2024-07-29T16:07:58+03:00 1250cc Dikd\u00f6rtgen Y\u00fcksek Kapak 1000cc Dikd\u00f6rtgen Y\u00fcksek Kapak packforms2024-07-29T16:08:02+03:00 1000cc Dikd\u00f6rtgen Y\u00fcksek Kapak 750cc Dikd\u00f6rtgen Y\u00fcksek Kapak packforms2024-07-29T16:07:23+03:00 750cc Dikd\u00f6rtgen Y\u00fcksek Kapak 500cc [&hellip;]<\/p>\n","protected":false},"author":1,"featured_media":0,"parent":192,"menu_order":0,"comment_status":"closed","ping_status":"closed","template":"","meta":{"_acf_changed":false,"footnotes":""},"class_list":["post-2935","page","type-page","status-publish","hentry"],"acf":[],"_links":{"self":[{"href":"https:\/\/packforms.com\/en\/wp-json\/wp\/v2\/pages\/2935","targetHints":{"allow":["GET"]}}],"collection":[{"href":"https:\/\/packforms.com\/en\/wp-json\/wp\/v2\/pages"}],"about":[{"href":"https:\/\/packforms.com\/en\/wp-json\/wp\/v2\/types\/page"}],"author":[{"embeddable":true,"href":"https:\/\/packforms.com\/en\/wp-json\/wp\/v2\/users\/1"}],"replies":[{"embeddable":true,"href":"https:\/\/packforms.com\/en\/wp-json\/wp\/v2\/comments?post=2935"}],"version-history":[{"count":4,"href":"https:\/\/packforms.com\/en\/wp-json\/wp\/v2\/pages\/2935\/revisions"}],"predecessor-version":[{"id":2939,"href":"https:\/\/packforms.com\/en\/wp-json\/wp\/v2\/pages\/2935\/revisions\/2939"}],"up":[{"embeddable":true,"href":"https:\/\/packforms.com\/en\/wp-json\/wp\/v2\/pages\/192"}],"wp:attachment":[{"href":"https:\/\/packforms.com\/en\/wp-json\/wp\/v2\/media?parent=2935"}],"curies":[{"name":"wp","href":"https:\/\/api.w.org\/{rel}","templated":true}]}}